{"id":5054,"date":"2021-01-18T09:32:05","date_gmt":"2021-01-18T11:32:05","guid":{"rendered":"http:\/\/makeyourid.ee\/product\/wella-invigo-cool-blonde-color-refreshing-shampoo\/"},"modified":"2021-01-18T09:32:05","modified_gmt":"2021-01-18T11:32:05","slug":"wella-invigo-cool-blonde-color-refreshing-shampoo","status":"publish","type":"product","link":"https:\/\/makeyourid.ee\/ru\/product\/wella-invigo-cool-blonde-color-refreshing-shampoo\/","title":{"rendered":"WELLA INVIGO COOL BLONDE COLOR REFRESHING SHAMPOO"},"content":{"rendered":"<p>Jahedat blondi v\u00e4rskendav \u0161ampoon. Sisaldab v\u00e4rvipigmente. V\u00e4rskendab ja s\u00e4ilitab loomulike v\u00f5i heledate salkudega blondide juuste s\u00e4ra ning l\u00e4ike. Lilla \u0161ampoon ennetab loomulike v\u00f5i v\u00e4rvitud blondide toonide kollaseks muutumist ning eemaldab vasetoonid, j\u00e4ttes juuksed pehmeks.<\/p>\n","protected":false},"excerpt":{"rendered":"<p><i>\u0160ampoon blondidele juustele 250 ml<\/i><\/p>\n","protected":false},"featured_media":16316,"comment_status":"open","ping_status":"closed","template":"","meta":{"_acf_changed":false,"om_disable_all_campaigns":false,"inline_featured_image":false,"_monsterinsights_skip_tracking":false,"_monsterinsights_sitenote_active":false,"_monsterinsights_sitenote_note":"","_monsterinsights_sitenote_category":0},"product_brand":[],"product_cat":[163],"product_tag":[],"class_list":{"0":"post-5054","1":"product","2":"type-product","3":"status-publish","4":"has-post-thumbnail","6":"product_cat-shampun","8":"first","9":"instock","10":"shipping-taxable","11":"purchasable","12":"product-type-simple"},"acf":[],"yoast_head":"<!-- This site is optimized with the Yoast SEO plugin v27.2 - https:\/\/yoast.com\/product\/yoast-seo-wordpress\/ -->\n<title>WELLA INVIGO COOL BLONDE COLOR REFRESHING SHAMPOO<\/title>\n<meta name=\"description\" content=\"WELLA INVIGO COOL BLONDE COLOR REFRESHING SHAMPOO\" \/>\n<meta name=\"robots\" content=\"index, follow, max-snippet:-1, max-image-preview:large, max-video-preview:-1\" \/>\n<meta property=\"og:locale\" content=\"ru_RU\" \/>\n<meta property=\"og:type\" content=\"article\" \/>\n<meta property=\"og:title\" content=\"WELLA INVIGO COOL BLONDE COLOR REFRESHING SHAMPOO\" \/>\n<meta property=\"og:description\" content=\"WELLA INVIGO COOL BLONDE COLOR REFRESHING SHAMPOO\" \/>\n<meta property=\"og:url\" content=\"https:\/\/makeyourid.ee\/product\/wella-invigo-cool-blonde-color-refreshing-shampoo\/\" \/>\n<meta property=\"og:site_name\" content=\"MAKE YOUR ID\" \/>\n<meta property=\"og:image\" content=\"https:\/\/makeyourid.ee\/wp-content\/uploads\/2021\/01\/Invigo-Cool-blonde-shampoo.jpg\" \/>\n\t<meta property=\"og:image:width\" content=\"429\" \/>\n\t<meta property=\"og:image:height\" content=\"600\" \/>\n\t<meta property=\"og:image:type\" content=\"image\/jpeg\" \/>\n<meta name=\"twitter:card\" content=\"summary_large_image\" \/>\n<script type=\"application\/ld+json\" class=\"yoast-schema-graph\">{\"@context\":\"https:\/\/schema.org\",\"@graph\":[{\"@type\":\"WebPage\",\"@id\":\"https:\/\/makeyourid.ee\/product\/wella-invigo-cool-blonde-color-refreshing-shampoo\/\",\"url\":\"https:\/\/makeyourid.ee\/product\/wella-invigo-cool-blonde-color-refreshing-shampoo\/\",\"name\":\"WELLA INVIGO COOL BLONDE COLOR REFRESHING SHAMPOO\",\"isPartOf\":{\"@id\":\"https:\/\/makeyourid.ee\/#website\"},\"primaryImageOfPage\":{\"@id\":\"https:\/\/makeyourid.ee\/product\/wella-invigo-cool-blonde-color-refreshing-shampoo\/#primaryimage\"},\"image\":{\"@id\":\"https:\/\/makeyourid.ee\/product\/wella-invigo-cool-blonde-color-refreshing-shampoo\/#primaryimage\"},\"thumbnailUrl\":\"https:\/\/makeyourid.ee\/wp-content\/uploads\/2021\/01\/jpg_highres-wella-professionals_emea-care-relaunch_invigo_blonde-recharge_shampoo_300ml_packshot_with-shadow_2023_psd.jpg\",\"datePublished\":\"2021-01-18T11:32:05+00:00\",\"description\":\"WELLA INVIGO COOL BLONDE COLOR REFRESHING SHAMPOO\",\"breadcrumb\":{\"@id\":\"https:\/\/makeyourid.ee\/product\/wella-invigo-cool-blonde-color-refreshing-shampoo\/#breadcrumb\"},\"inLanguage\":\"ru-RU\",\"potentialAction\":[{\"@type\":\"ReadAction\",\"target\":[\"https:\/\/makeyourid.ee\/product\/wella-invigo-cool-blonde-color-refreshing-shampoo\/\"]}]},{\"@type\":\"ImageObject\",\"inLanguage\":\"ru-RU\",\"@id\":\"https:\/\/makeyourid.ee\/product\/wella-invigo-cool-blonde-color-refreshing-shampoo\/#primaryimage\",\"url\":\"https:\/\/makeyourid.ee\/wp-content\/uploads\/2021\/01\/jpg_highres-wella-professionals_emea-care-relaunch_invigo_blonde-recharge_shampoo_300ml_packshot_with-shadow_2023_psd.jpg\",\"contentUrl\":\"https:\/\/makeyourid.ee\/wp-content\/uploads\/2021\/01\/jpg_highres-wella-professionals_emea-care-relaunch_invigo_blonde-recharge_shampoo_300ml_packshot_with-shadow_2023_psd.jpg\",\"width\":428,\"height\":600},{\"@type\":\"BreadcrumbList\",\"@id\":\"https:\/\/makeyourid.ee\/product\/wella-invigo-cool-blonde-color-refreshing-shampoo\/#breadcrumb\",\"itemListElement\":[{\"@type\":\"ListItem\",\"position\":1,\"name\":\"Home\",\"item\":\"https:\/\/makeyourid.ee\/homepage-2-2\/\"},{\"@type\":\"ListItem\",\"position\":2,\"name\":\"\u0415-\u041c\u0410\u0413\u0410\u0417\u0418\u041d\",\"item\":\"https:\/\/makeyourid.ee\/ru\/e-magazin\/\"},{\"@type\":\"ListItem\",\"position\":3,\"name\":\"WELLA INVIGO COOL BLONDE COLOR REFRESHING SHAMPOO\"}]},{\"@type\":\"WebSite\",\"@id\":\"https:\/\/makeyourid.ee\/#website\",\"url\":\"https:\/\/makeyourid.ee\/\",\"name\":\"MAKE YOUR ID\",\"description\":\"Beauty salon, Hairdresser, Barber, Nail art\",\"potentialAction\":[{\"@type\":\"SearchAction\",\"target\":{\"@type\":\"EntryPoint\",\"urlTemplate\":\"https:\/\/makeyourid.ee\/?s={search_term_string}\"},\"query-input\":{\"@type\":\"PropertyValueSpecification\",\"valueRequired\":true,\"valueName\":\"search_term_string\"}}],\"inLanguage\":\"ru-RU\"}]}<\/script>\n<!-- \/ Yoast SEO plugin. -->","yoast_head_json":{"title":"WELLA INVIGO COOL BLONDE COLOR REFRESHING SHAMPOO","description":"WELLA INVIGO COOL BLONDE COLOR REFRESHING SHAMPOO","robots":{"index":"index","follow":"follow","max-snippet":"max-snippet:-1","max-image-preview":"max-image-preview:large","max-video-preview":"max-video-preview:-1"},"og_locale":"ru_RU","og_type":"article","og_title":"WELLA INVIGO COOL BLONDE COLOR REFRESHING SHAMPOO","og_description":"WELLA INVIGO COOL BLONDE COLOR REFRESHING SHAMPOO","og_url":"https:\/\/makeyourid.ee\/product\/wella-invigo-cool-blonde-color-refreshing-shampoo\/","og_site_name":"MAKE YOUR ID","og_image":[{"width":429,"height":600,"url":"https:\/\/makeyourid.ee\/wp-content\/uploads\/2021\/01\/Invigo-Cool-blonde-shampoo.jpg","type":"image\/jpeg"}],"twitter_card":"summary_large_image","schema":{"@context":"https:\/\/schema.org","@graph":[{"@type":"WebPage","@id":"https:\/\/makeyourid.ee\/product\/wella-invigo-cool-blonde-color-refreshing-shampoo\/","url":"https:\/\/makeyourid.ee\/product\/wella-invigo-cool-blonde-color-refreshing-shampoo\/","name":"WELLA INVIGO COOL BLONDE COLOR REFRESHING SHAMPOO","isPartOf":{"@id":"https:\/\/makeyourid.ee\/#website"},"primaryImageOfPage":{"@id":"https:\/\/makeyourid.ee\/product\/wella-invigo-cool-blonde-color-refreshing-shampoo\/#primaryimage"},"image":{"@id":"https:\/\/makeyourid.ee\/product\/wella-invigo-cool-blonde-color-refreshing-shampoo\/#primaryimage"},"thumbnailUrl":"https:\/\/makeyourid.ee\/wp-content\/uploads\/2021\/01\/jpg_highres-wella-professionals_emea-care-relaunch_invigo_blonde-recharge_shampoo_300ml_packshot_with-shadow_2023_psd.jpg","datePublished":"2021-01-18T11:32:05+00:00","description":"WELLA INVIGO COOL BLONDE COLOR REFRESHING SHAMPOO","breadcrumb":{"@id":"https:\/\/makeyourid.ee\/product\/wella-invigo-cool-blonde-color-refreshing-shampoo\/#breadcrumb"},"inLanguage":"ru-RU","potentialAction":[{"@type":"ReadAction","target":["https:\/\/makeyourid.ee\/product\/wella-invigo-cool-blonde-color-refreshing-shampoo\/"]}]},{"@type":"ImageObject","inLanguage":"ru-RU","@id":"https:\/\/makeyourid.ee\/product\/wella-invigo-cool-blonde-color-refreshing-shampoo\/#primaryimage","url":"https:\/\/makeyourid.ee\/wp-content\/uploads\/2021\/01\/jpg_highres-wella-professionals_emea-care-relaunch_invigo_blonde-recharge_shampoo_300ml_packshot_with-shadow_2023_psd.jpg","contentUrl":"https:\/\/makeyourid.ee\/wp-content\/uploads\/2021\/01\/jpg_highres-wella-professionals_emea-care-relaunch_invigo_blonde-recharge_shampoo_300ml_packshot_with-shadow_2023_psd.jpg","width":428,"height":600},{"@type":"BreadcrumbList","@id":"https:\/\/makeyourid.ee\/product\/wella-invigo-cool-blonde-color-refreshing-shampoo\/#breadcrumb","itemListElement":[{"@type":"ListItem","position":1,"name":"Home","item":"https:\/\/makeyourid.ee\/homepage-2-2\/"},{"@type":"ListItem","position":2,"name":"\u0415-\u041c\u0410\u0413\u0410\u0417\u0418\u041d","item":"https:\/\/makeyourid.ee\/ru\/e-magazin\/"},{"@type":"ListItem","position":3,"name":"WELLA INVIGO COOL BLONDE COLOR REFRESHING SHAMPOO"}]},{"@type":"WebSite","@id":"https:\/\/makeyourid.ee\/#website","url":"https:\/\/makeyourid.ee\/","name":"MAKE YOUR ID","description":"Beauty salon, Hairdresser, Barber, Nail art","potentialAction":[{"@type":"SearchAction","target":{"@type":"EntryPoint","urlTemplate":"https:\/\/makeyourid.ee\/?s={search_term_string}"},"query-input":{"@type":"PropertyValueSpecification","valueRequired":true,"valueName":"search_term_string"}}],"inLanguage":"ru-RU"}]}},"_links":{"self":[{"href":"https:\/\/makeyourid.ee\/ru\/wp-json\/wp\/v2\/product\/5054","targetHints":{"allow":["GET"]}}],"collection":[{"href":"https:\/\/makeyourid.ee\/ru\/wp-json\/wp\/v2\/product"}],"about":[{"href":"https:\/\/makeyourid.ee\/ru\/wp-json\/wp\/v2\/types\/product"}],"replies":[{"embeddable":true,"href":"https:\/\/makeyourid.ee\/ru\/wp-json\/wp\/v2\/comments?post=5054"}],"wp:featuredmedia":[{"embeddable":true,"href":"https:\/\/makeyourid.ee\/ru\/wp-json\/wp\/v2\/media\/16316"}],"wp:attachment":[{"href":"https:\/\/makeyourid.ee\/ru\/wp-json\/wp\/v2\/media?parent=5054"}],"wp:term":[{"taxonomy":"product_brand","embeddable":true,"href":"https:\/\/makeyourid.ee\/ru\/wp-json\/wp\/v2\/product_brand?post=5054"},{"taxonomy":"product_cat","embeddable":true,"href":"https:\/\/makeyourid.ee\/ru\/wp-json\/wp\/v2\/product_cat?post=5054"},{"taxonomy":"product_tag","embeddable":true,"href":"https:\/\/makeyourid.ee\/ru\/wp-json\/wp\/v2\/product_tag?post=5054"}],"curies":[{"name":"wp","href":"https:\/\/api.w.org\/{rel}","templated":true}]}}