{"id":5033,"date":"2021-01-18T08:09:54","date_gmt":"2021-01-18T10:09:54","guid":{"rendered":"http:\/\/makeyourid.ee\/product\/wella-invigo-balance-clean-scalp-anti-dandruff-shampoo\/"},"modified":"2021-01-18T08:09:54","modified_gmt":"2021-01-18T10:09:54","slug":"wella-invigo-balance-clean-scalp-anti-dandruff-shampoo","status":"publish","type":"product","link":"https:\/\/makeyourid.ee\/ru\/product\/wella-invigo-balance-clean-scalp-anti-dandruff-shampoo\/","title":{"rendered":"WELLA INVIGO BALANCE CLEAN SCALP ANTI-DANDRUFF SHAMPOO"},"content":{"rendered":"<p>K\u00f5\u00f5mavastane \u0161ampoon tsinkp\u00fcritiooniga. Rahustav koostis v\u00f5itleb k\u00f5\u00f5maga ja eemaldab peanahalt n\u00e4htavad helbed, j\u00e4ttes juuksed puhtaks, niisutatuks ja kergeks.<\/p>\n","protected":false},"excerpt":{"rendered":"<p><i>K\u00f5\u00f5mavastane \u0161ampoon 250 ml<\/i><\/p>\n","protected":false},"featured_media":16329,"comment_status":"open","ping_status":"closed","template":"","meta":{"_acf_changed":false,"om_disable_all_campaigns":false,"inline_featured_image":false,"_monsterinsights_skip_tracking":false,"_monsterinsights_sitenote_active":false,"_monsterinsights_sitenote_note":"","_monsterinsights_sitenote_category":0},"product_brand":[],"product_cat":[163],"product_tag":[],"class_list":{"0":"post-5033","1":"product","2":"type-product","3":"status-publish","4":"has-post-thumbnail","6":"product_cat-shampun","8":"first","9":"instock","10":"shipping-taxable","11":"purchasable","12":"product-type-simple"},"acf":[],"yoast_head":"<!-- This site is optimized with the Yoast SEO plugin v27.2 - https:\/\/yoast.com\/product\/yoast-seo-wordpress\/ -->\n<title>WELLA INVIGO BALANCE CLEAN SCALP ANTI-DANDRUFF SHAMPOO<\/title>\n<meta name=\"description\" content=\"WELLA INVIGO BALANCE CLEAN SCALP ANTI-DANDRUFF SHAMPOO\" \/>\n<meta name=\"robots\" content=\"index, follow, max-snippet:-1, max-image-preview:large, max-video-preview:-1\" \/>\n<meta property=\"og:locale\" content=\"ru_RU\" \/>\n<meta property=\"og:type\" content=\"article\" \/>\n<meta property=\"og:title\" content=\"WELLA INVIGO BALANCE CLEAN SCALP ANTI-DANDRUFF SHAMPOO\" \/>\n<meta property=\"og:description\" content=\"WELLA INVIGO BALANCE CLEAN SCALP ANTI-DANDRUFF SHAMPOO\" \/>\n<meta property=\"og:url\" content=\"https:\/\/makeyourid.ee\/product\/wella-invigo-balance-clean-scalp-anti-dandruff-shampoo\/\" \/>\n<meta property=\"og:site_name\" content=\"MAKE YOUR ID\" \/>\n<meta property=\"og:image\" content=\"https:\/\/makeyourid.ee\/wp-content\/uploads\/2021\/01\/Invigo-Clean-scalp-shampoo.jpg\" \/>\n\t<meta property=\"og:image:width\" content=\"429\" \/>\n\t<meta property=\"og:image:height\" content=\"600\" \/>\n\t<meta property=\"og:image:type\" content=\"image\/jpeg\" \/>\n<meta name=\"twitter:card\" content=\"summary_large_image\" \/>\n<script type=\"application\/ld+json\" class=\"yoast-schema-graph\">{\"@context\":\"https:\/\/schema.org\",\"@graph\":[{\"@type\":\"WebPage\",\"@id\":\"https:\/\/makeyourid.ee\/product\/wella-invigo-balance-clean-scalp-anti-dandruff-shampoo\/\",\"url\":\"https:\/\/makeyourid.ee\/product\/wella-invigo-balance-clean-scalp-anti-dandruff-shampoo\/\",\"name\":\"WELLA INVIGO BALANCE CLEAN SCALP ANTI-DANDRUFF SHAMPOO\",\"isPartOf\":{\"@id\":\"https:\/\/makeyourid.ee\/#website\"},\"primaryImageOfPage\":{\"@id\":\"https:\/\/makeyourid.ee\/product\/wella-invigo-balance-clean-scalp-anti-dandruff-shampoo\/#primaryimage\"},\"image\":{\"@id\":\"https:\/\/makeyourid.ee\/product\/wella-invigo-balance-clean-scalp-anti-dandruff-shampoo\/#primaryimage\"},\"thumbnailUrl\":\"https:\/\/makeyourid.ee\/wp-content\/uploads\/2021\/01\/jpg_highres-wella-professionals_emea-care-relaunch_invigo_scalp-balance_shampoo_anti-dandruff_300ml_packshot_with-shadow_2023_psd.jpg\",\"datePublished\":\"2021-01-18T10:09:54+00:00\",\"description\":\"WELLA INVIGO BALANCE CLEAN SCALP ANTI-DANDRUFF SHAMPOO\",\"breadcrumb\":{\"@id\":\"https:\/\/makeyourid.ee\/product\/wella-invigo-balance-clean-scalp-anti-dandruff-shampoo\/#breadcrumb\"},\"inLanguage\":\"ru-RU\",\"potentialAction\":[{\"@type\":\"ReadAction\",\"target\":[\"https:\/\/makeyourid.ee\/product\/wella-invigo-balance-clean-scalp-anti-dandruff-shampoo\/\"]}]},{\"@type\":\"ImageObject\",\"inLanguage\":\"ru-RU\",\"@id\":\"https:\/\/makeyourid.ee\/product\/wella-invigo-balance-clean-scalp-anti-dandruff-shampoo\/#primaryimage\",\"url\":\"https:\/\/makeyourid.ee\/wp-content\/uploads\/2021\/01\/jpg_highres-wella-professionals_emea-care-relaunch_invigo_scalp-balance_shampoo_anti-dandruff_300ml_packshot_with-shadow_2023_psd.jpg\",\"contentUrl\":\"https:\/\/makeyourid.ee\/wp-content\/uploads\/2021\/01\/jpg_highres-wella-professionals_emea-care-relaunch_invigo_scalp-balance_shampoo_anti-dandruff_300ml_packshot_with-shadow_2023_psd.jpg\",\"width\":428,\"height\":600},{\"@type\":\"BreadcrumbList\",\"@id\":\"https:\/\/makeyourid.ee\/product\/wella-invigo-balance-clean-scalp-anti-dandruff-shampoo\/#breadcrumb\",\"itemListElement\":[{\"@type\":\"ListItem\",\"position\":1,\"name\":\"Home\",\"item\":\"https:\/\/makeyourid.ee\/homepage-2-2\/\"},{\"@type\":\"ListItem\",\"position\":2,\"name\":\"\u0415-\u041c\u0410\u0413\u0410\u0417\u0418\u041d\",\"item\":\"https:\/\/makeyourid.ee\/ru\/e-magazin\/\"},{\"@type\":\"ListItem\",\"position\":3,\"name\":\"WELLA INVIGO BALANCE CLEAN SCALP ANTI-DANDRUFF SHAMPOO\"}]},{\"@type\":\"WebSite\",\"@id\":\"https:\/\/makeyourid.ee\/#website\",\"url\":\"https:\/\/makeyourid.ee\/\",\"name\":\"MAKE YOUR ID\",\"description\":\"Beauty salon, Hairdresser, Barber, Nail art\",\"potentialAction\":[{\"@type\":\"SearchAction\",\"target\":{\"@type\":\"EntryPoint\",\"urlTemplate\":\"https:\/\/makeyourid.ee\/?s={search_term_string}\"},\"query-input\":{\"@type\":\"PropertyValueSpecification\",\"valueRequired\":true,\"valueName\":\"search_term_string\"}}],\"inLanguage\":\"ru-RU\"}]}<\/script>\n<!-- \/ Yoast SEO plugin. -->","yoast_head_json":{"title":"WELLA INVIGO BALANCE CLEAN SCALP ANTI-DANDRUFF SHAMPOO","description":"WELLA INVIGO BALANCE CLEAN SCALP ANTI-DANDRUFF SHAMPOO","robots":{"index":"index","follow":"follow","max-snippet":"max-snippet:-1","max-image-preview":"max-image-preview:large","max-video-preview":"max-video-preview:-1"},"og_locale":"ru_RU","og_type":"article","og_title":"WELLA INVIGO BALANCE CLEAN SCALP ANTI-DANDRUFF SHAMPOO","og_description":"WELLA INVIGO BALANCE CLEAN SCALP ANTI-DANDRUFF SHAMPOO","og_url":"https:\/\/makeyourid.ee\/product\/wella-invigo-balance-clean-scalp-anti-dandruff-shampoo\/","og_site_name":"MAKE YOUR ID","og_image":[{"width":429,"height":600,"url":"https:\/\/makeyourid.ee\/wp-content\/uploads\/2021\/01\/Invigo-Clean-scalp-shampoo.jpg","type":"image\/jpeg"}],"twitter_card":"summary_large_image","schema":{"@context":"https:\/\/schema.org","@graph":[{"@type":"WebPage","@id":"https:\/\/makeyourid.ee\/product\/wella-invigo-balance-clean-scalp-anti-dandruff-shampoo\/","url":"https:\/\/makeyourid.ee\/product\/wella-invigo-balance-clean-scalp-anti-dandruff-shampoo\/","name":"WELLA INVIGO BALANCE CLEAN SCALP ANTI-DANDRUFF SHAMPOO","isPartOf":{"@id":"https:\/\/makeyourid.ee\/#website"},"primaryImageOfPage":{"@id":"https:\/\/makeyourid.ee\/product\/wella-invigo-balance-clean-scalp-anti-dandruff-shampoo\/#primaryimage"},"image":{"@id":"https:\/\/makeyourid.ee\/product\/wella-invigo-balance-clean-scalp-anti-dandruff-shampoo\/#primaryimage"},"thumbnailUrl":"https:\/\/makeyourid.ee\/wp-content\/uploads\/2021\/01\/jpg_highres-wella-professionals_emea-care-relaunch_invigo_scalp-balance_shampoo_anti-dandruff_300ml_packshot_with-shadow_2023_psd.jpg","datePublished":"2021-01-18T10:09:54+00:00","description":"WELLA INVIGO BALANCE CLEAN SCALP ANTI-DANDRUFF SHAMPOO","breadcrumb":{"@id":"https:\/\/makeyourid.ee\/product\/wella-invigo-balance-clean-scalp-anti-dandruff-shampoo\/#breadcrumb"},"inLanguage":"ru-RU","potentialAction":[{"@type":"ReadAction","target":["https:\/\/makeyourid.ee\/product\/wella-invigo-balance-clean-scalp-anti-dandruff-shampoo\/"]}]},{"@type":"ImageObject","inLanguage":"ru-RU","@id":"https:\/\/makeyourid.ee\/product\/wella-invigo-balance-clean-scalp-anti-dandruff-shampoo\/#primaryimage","url":"https:\/\/makeyourid.ee\/wp-content\/uploads\/2021\/01\/jpg_highres-wella-professionals_emea-care-relaunch_invigo_scalp-balance_shampoo_anti-dandruff_300ml_packshot_with-shadow_2023_psd.jpg","contentUrl":"https:\/\/makeyourid.ee\/wp-content\/uploads\/2021\/01\/jpg_highres-wella-professionals_emea-care-relaunch_invigo_scalp-balance_shampoo_anti-dandruff_300ml_packshot_with-shadow_2023_psd.jpg","width":428,"height":600},{"@type":"BreadcrumbList","@id":"https:\/\/makeyourid.ee\/product\/wella-invigo-balance-clean-scalp-anti-dandruff-shampoo\/#breadcrumb","itemListElement":[{"@type":"ListItem","position":1,"name":"Home","item":"https:\/\/makeyourid.ee\/homepage-2-2\/"},{"@type":"ListItem","position":2,"name":"\u0415-\u041c\u0410\u0413\u0410\u0417\u0418\u041d","item":"https:\/\/makeyourid.ee\/ru\/e-magazin\/"},{"@type":"ListItem","position":3,"name":"WELLA INVIGO BALANCE CLEAN SCALP ANTI-DANDRUFF SHAMPOO"}]},{"@type":"WebSite","@id":"https:\/\/makeyourid.ee\/#website","url":"https:\/\/makeyourid.ee\/","name":"MAKE YOUR ID","description":"Beauty salon, Hairdresser, Barber, Nail art","potentialAction":[{"@type":"SearchAction","target":{"@type":"EntryPoint","urlTemplate":"https:\/\/makeyourid.ee\/?s={search_term_string}"},"query-input":{"@type":"PropertyValueSpecification","valueRequired":true,"valueName":"search_term_string"}}],"inLanguage":"ru-RU"}]}},"_links":{"self":[{"href":"https:\/\/makeyourid.ee\/ru\/wp-json\/wp\/v2\/product\/5033","targetHints":{"allow":["GET"]}}],"collection":[{"href":"https:\/\/makeyourid.ee\/ru\/wp-json\/wp\/v2\/product"}],"about":[{"href":"https:\/\/makeyourid.ee\/ru\/wp-json\/wp\/v2\/types\/product"}],"replies":[{"embeddable":true,"href":"https:\/\/makeyourid.ee\/ru\/wp-json\/wp\/v2\/comments?post=5033"}],"wp:featuredmedia":[{"embeddable":true,"href":"https:\/\/makeyourid.ee\/ru\/wp-json\/wp\/v2\/media\/16329"}],"wp:attachment":[{"href":"https:\/\/makeyourid.ee\/ru\/wp-json\/wp\/v2\/media?parent=5033"}],"wp:term":[{"taxonomy":"product_brand","embeddable":true,"href":"https:\/\/makeyourid.ee\/ru\/wp-json\/wp\/v2\/product_brand?post=5033"},{"taxonomy":"product_cat","embeddable":true,"href":"https:\/\/makeyourid.ee\/ru\/wp-json\/wp\/v2\/product_cat?post=5033"},{"taxonomy":"product_tag","embeddable":true,"href":"https:\/\/makeyourid.ee\/ru\/wp-json\/wp\/v2\/product_tag?post=5033"}],"curies":[{"name":"wp","href":"https:\/\/api.w.org\/{rel}","templated":true}]}}