{"id":5015,"date":"2021-01-18T07:26:22","date_gmt":"2021-01-18T09:26:22","guid":{"rendered":"http:\/\/makeyourid.ee\/product\/wella-invigo-volume-crystal-mask\/"},"modified":"2021-01-18T07:26:22","modified_gmt":"2021-01-18T09:26:22","slug":"wella-invigo-volume-crystal-mask","status":"publish","type":"product","link":"https:\/\/makeyourid.ee\/ru\/product\/wella-invigo-volume-crystal-mask\/","title":{"rendered":"WELLA INVIGO VOLUME CRYSTAL MASK"},"content":{"rendered":"<p>Vol\u00fc\u00fcmi andev kristallmask. Kiire kerge hooldus, mis annab silmn\u00e4htavalt rohkem vol\u00fc\u00fcmi* ja kontrollitavust. L\u00e4bipaistev mask annab juustele Spring Force Blend koosluse abil t\u00e4idlust, kohevust ja kontrollitavust \u2013 tootes sisalduvad kohevust lisavad pol\u00fcmeerid ja kerged hooldavad koostisained j\u00e4tavad juuksed katsumisel pehmeks ega muuda juukseid teiste maskide kombel raskeks. Meie esimene l\u00e4bipaistev v\u00e4ljaloputatav toode eriti kergeks hoolduseks. Juuksed ei ole kunagi olnud nii t\u00e4idlased, kerged ja samas hooldatud.<\/p>\n","protected":false},"excerpt":{"rendered":"<p><i>Mask \u00f5hukestele juustele 145 ml<\/i><\/p>\n","protected":false},"featured_media":16345,"comment_status":"open","ping_status":"closed","template":"","meta":{"_acf_changed":false,"om_disable_all_campaigns":false,"inline_featured_image":false,"_monsterinsights_skip_tracking":false,"_monsterinsights_sitenote_active":false,"_monsterinsights_sitenote_note":"","_monsterinsights_sitenote_category":0},"product_brand":[],"product_cat":[164],"product_tag":[],"class_list":{"0":"post-5015","1":"product","2":"type-product","3":"status-publish","4":"has-post-thumbnail","6":"product_cat-maska","8":"first","9":"instock","10":"shipping-taxable","11":"purchasable","12":"product-type-simple"},"acf":[],"yoast_head":"<!-- This site is optimized with the Yoast SEO plugin v27.2 - https:\/\/yoast.com\/product\/yoast-seo-wordpress\/ -->\n<title>WELLA INVIGO VOLUME CRYSTAL MASK<\/title>\n<meta name=\"description\" content=\"WELLA INVIGO VOLUME CRYSTAL MASK\" \/>\n<meta name=\"robots\" content=\"index, follow, max-snippet:-1, max-image-preview:large, max-video-preview:-1\" \/>\n<meta property=\"og:locale\" content=\"ru_RU\" \/>\n<meta property=\"og:type\" content=\"article\" \/>\n<meta property=\"og:title\" content=\"WELLA INVIGO VOLUME CRYSTAL MASK\" \/>\n<meta property=\"og:description\" content=\"WELLA INVIGO VOLUME CRYSTAL MASK\" \/>\n<meta property=\"og:url\" content=\"https:\/\/makeyourid.ee\/product\/wella-invigo-volume-crystal-mask\/\" \/>\n<meta property=\"og:site_name\" content=\"MAKE YOUR ID\" \/>\n<meta property=\"og:image\" content=\"https:\/\/makeyourid.ee\/wp-content\/uploads\/2021\/01\/jpg_highres-wella-professionals_care_base-business_ecom_fy25h2_invigo_volume_crystal_mask_150ml_pi_1.jpg\" \/>\n\t<meta property=\"og:image:width\" content=\"430\" \/>\n\t<meta property=\"og:image:height\" content=\"600\" \/>\n\t<meta property=\"og:image:type\" content=\"image\/jpeg\" \/>\n<meta name=\"twitter:card\" content=\"summary_large_image\" \/>\n<script type=\"application\/ld+json\" class=\"yoast-schema-graph\">{\"@context\":\"https:\/\/schema.org\",\"@graph\":[{\"@type\":\"WebPage\",\"@id\":\"https:\/\/makeyourid.ee\/product\/wella-invigo-volume-crystal-mask\/\",\"url\":\"https:\/\/makeyourid.ee\/product\/wella-invigo-volume-crystal-mask\/\",\"name\":\"WELLA INVIGO VOLUME CRYSTAL MASK\",\"isPartOf\":{\"@id\":\"https:\/\/makeyourid.ee\/#website\"},\"primaryImageOfPage\":{\"@id\":\"https:\/\/makeyourid.ee\/product\/wella-invigo-volume-crystal-mask\/#primaryimage\"},\"image\":{\"@id\":\"https:\/\/makeyourid.ee\/product\/wella-invigo-volume-crystal-mask\/#primaryimage\"},\"thumbnailUrl\":\"https:\/\/makeyourid.ee\/wp-content\/uploads\/2021\/01\/jpg_highres-wella-professionals_care_base-business_ecom_fy25h2_invigo_volume_crystal_mask_150ml_pi_1.jpg\",\"datePublished\":\"2021-01-18T09:26:22+00:00\",\"description\":\"WELLA INVIGO VOLUME CRYSTAL MASK\",\"breadcrumb\":{\"@id\":\"https:\/\/makeyourid.ee\/product\/wella-invigo-volume-crystal-mask\/#breadcrumb\"},\"inLanguage\":\"ru-RU\",\"potentialAction\":[{\"@type\":\"ReadAction\",\"target\":[\"https:\/\/makeyourid.ee\/product\/wella-invigo-volume-crystal-mask\/\"]}]},{\"@type\":\"ImageObject\",\"inLanguage\":\"ru-RU\",\"@id\":\"https:\/\/makeyourid.ee\/product\/wella-invigo-volume-crystal-mask\/#primaryimage\",\"url\":\"https:\/\/makeyourid.ee\/wp-content\/uploads\/2021\/01\/jpg_highres-wella-professionals_care_base-business_ecom_fy25h2_invigo_volume_crystal_mask_150ml_pi_1.jpg\",\"contentUrl\":\"https:\/\/makeyourid.ee\/wp-content\/uploads\/2021\/01\/jpg_highres-wella-professionals_care_base-business_ecom_fy25h2_invigo_volume_crystal_mask_150ml_pi_1.jpg\",\"width\":430,\"height\":600},{\"@type\":\"BreadcrumbList\",\"@id\":\"https:\/\/makeyourid.ee\/product\/wella-invigo-volume-crystal-mask\/#breadcrumb\",\"itemListElement\":[{\"@type\":\"ListItem\",\"position\":1,\"name\":\"Home\",\"item\":\"https:\/\/makeyourid.ee\/homepage-2-2\/\"},{\"@type\":\"ListItem\",\"position\":2,\"name\":\"\u0415-\u041c\u0410\u0413\u0410\u0417\u0418\u041d\",\"item\":\"https:\/\/makeyourid.ee\/ru\/e-magazin\/\"},{\"@type\":\"ListItem\",\"position\":3,\"name\":\"WELLA INVIGO VOLUME CRYSTAL MASK\"}]},{\"@type\":\"WebSite\",\"@id\":\"https:\/\/makeyourid.ee\/#website\",\"url\":\"https:\/\/makeyourid.ee\/\",\"name\":\"MAKE YOUR ID\",\"description\":\"Beauty salon, Hairdresser, Barber, Nail art\",\"potentialAction\":[{\"@type\":\"SearchAction\",\"target\":{\"@type\":\"EntryPoint\",\"urlTemplate\":\"https:\/\/makeyourid.ee\/?s={search_term_string}\"},\"query-input\":{\"@type\":\"PropertyValueSpecification\",\"valueRequired\":true,\"valueName\":\"search_term_string\"}}],\"inLanguage\":\"ru-RU\"}]}<\/script>\n<!-- \/ Yoast SEO plugin. -->","yoast_head_json":{"title":"WELLA INVIGO VOLUME CRYSTAL MASK","description":"WELLA INVIGO VOLUME CRYSTAL MASK","robots":{"index":"index","follow":"follow","max-snippet":"max-snippet:-1","max-image-preview":"max-image-preview:large","max-video-preview":"max-video-preview:-1"},"og_locale":"ru_RU","og_type":"article","og_title":"WELLA INVIGO VOLUME CRYSTAL MASK","og_description":"WELLA INVIGO VOLUME CRYSTAL MASK","og_url":"https:\/\/makeyourid.ee\/product\/wella-invigo-volume-crystal-mask\/","og_site_name":"MAKE YOUR ID","og_image":[{"width":430,"height":600,"url":"https:\/\/makeyourid.ee\/wp-content\/uploads\/2021\/01\/jpg_highres-wella-professionals_care_base-business_ecom_fy25h2_invigo_volume_crystal_mask_150ml_pi_1.jpg","type":"image\/jpeg"}],"twitter_card":"summary_large_image","schema":{"@context":"https:\/\/schema.org","@graph":[{"@type":"WebPage","@id":"https:\/\/makeyourid.ee\/product\/wella-invigo-volume-crystal-mask\/","url":"https:\/\/makeyourid.ee\/product\/wella-invigo-volume-crystal-mask\/","name":"WELLA INVIGO VOLUME CRYSTAL MASK","isPartOf":{"@id":"https:\/\/makeyourid.ee\/#website"},"primaryImageOfPage":{"@id":"https:\/\/makeyourid.ee\/product\/wella-invigo-volume-crystal-mask\/#primaryimage"},"image":{"@id":"https:\/\/makeyourid.ee\/product\/wella-invigo-volume-crystal-mask\/#primaryimage"},"thumbnailUrl":"https:\/\/makeyourid.ee\/wp-content\/uploads\/2021\/01\/jpg_highres-wella-professionals_care_base-business_ecom_fy25h2_invigo_volume_crystal_mask_150ml_pi_1.jpg","datePublished":"2021-01-18T09:26:22+00:00","description":"WELLA INVIGO VOLUME CRYSTAL MASK","breadcrumb":{"@id":"https:\/\/makeyourid.ee\/product\/wella-invigo-volume-crystal-mask\/#breadcrumb"},"inLanguage":"ru-RU","potentialAction":[{"@type":"ReadAction","target":["https:\/\/makeyourid.ee\/product\/wella-invigo-volume-crystal-mask\/"]}]},{"@type":"ImageObject","inLanguage":"ru-RU","@id":"https:\/\/makeyourid.ee\/product\/wella-invigo-volume-crystal-mask\/#primaryimage","url":"https:\/\/makeyourid.ee\/wp-content\/uploads\/2021\/01\/jpg_highres-wella-professionals_care_base-business_ecom_fy25h2_invigo_volume_crystal_mask_150ml_pi_1.jpg","contentUrl":"https:\/\/makeyourid.ee\/wp-content\/uploads\/2021\/01\/jpg_highres-wella-professionals_care_base-business_ecom_fy25h2_invigo_volume_crystal_mask_150ml_pi_1.jpg","width":430,"height":600},{"@type":"BreadcrumbList","@id":"https:\/\/makeyourid.ee\/product\/wella-invigo-volume-crystal-mask\/#breadcrumb","itemListElement":[{"@type":"ListItem","position":1,"name":"Home","item":"https:\/\/makeyourid.ee\/homepage-2-2\/"},{"@type":"ListItem","position":2,"name":"\u0415-\u041c\u0410\u0413\u0410\u0417\u0418\u041d","item":"https:\/\/makeyourid.ee\/ru\/e-magazin\/"},{"@type":"ListItem","position":3,"name":"WELLA INVIGO VOLUME CRYSTAL MASK"}]},{"@type":"WebSite","@id":"https:\/\/makeyourid.ee\/#website","url":"https:\/\/makeyourid.ee\/","name":"MAKE YOUR ID","description":"Beauty salon, Hairdresser, Barber, Nail art","potentialAction":[{"@type":"SearchAction","target":{"@type":"EntryPoint","urlTemplate":"https:\/\/makeyourid.ee\/?s={search_term_string}"},"query-input":{"@type":"PropertyValueSpecification","valueRequired":true,"valueName":"search_term_string"}}],"inLanguage":"ru-RU"}]}},"_links":{"self":[{"href":"https:\/\/makeyourid.ee\/ru\/wp-json\/wp\/v2\/product\/5015","targetHints":{"allow":["GET"]}}],"collection":[{"href":"https:\/\/makeyourid.ee\/ru\/wp-json\/wp\/v2\/product"}],"about":[{"href":"https:\/\/makeyourid.ee\/ru\/wp-json\/wp\/v2\/types\/product"}],"replies":[{"embeddable":true,"href":"https:\/\/makeyourid.ee\/ru\/wp-json\/wp\/v2\/comments?post=5015"}],"wp:featuredmedia":[{"embeddable":true,"href":"https:\/\/makeyourid.ee\/ru\/wp-json\/wp\/v2\/media\/16345"}],"wp:attachment":[{"href":"https:\/\/makeyourid.ee\/ru\/wp-json\/wp\/v2\/media?parent=5015"}],"wp:term":[{"taxonomy":"product_brand","embeddable":true,"href":"https:\/\/makeyourid.ee\/ru\/wp-json\/wp\/v2\/product_brand?post=5015"},{"taxonomy":"product_cat","embeddable":true,"href":"https:\/\/makeyourid.ee\/ru\/wp-json\/wp\/v2\/product_cat?post=5015"},{"taxonomy":"product_tag","embeddable":true,"href":"https:\/\/makeyourid.ee\/ru\/wp-json\/wp\/v2\/product_tag?post=5015"}],"curies":[{"name":"wp","href":"https:\/\/api.w.org\/{rel}","templated":true}]}}