{"id":4454,"date":"2021-01-12T13:56:01","date_gmt":"2021-01-12T13:56:01","guid":{"rendered":"http:\/\/makeyourid.ee\/product\/wella-invigo-brilliance-color-protection-shampoo-coarse\/"},"modified":"2022-01-04T01:55:14","modified_gmt":"2022-01-04T03:55:14","slug":"wella-invigo-brilliance-color-protection-shampoo-coarse","status":"publish","type":"product","link":"https:\/\/makeyourid.ee\/ru\/product\/wella-invigo-brilliance-color-protection-shampoo-coarse\/","title":{"rendered":"WELLA INVIGO BRILLIANCE COLOR PROTECTION SHAMPOO COARSE"},"content":{"rendered":"<p>Juuksev\u00e4rvi kaitsev \u0161ampoon s\u00f5rmlaimiga paksudele juustele. Toote tasakaalustatud madal pH aitab kutiikulit p\u00e4rast v\u00e4rvimist sulgeda, et v\u00e4rv p\u00fcsiks juustel kauem. Muudab juuksed p\u00e4rast v\u00e4rvimist meeldivalt pehmeks. Tagab kauap\u00fcsiva v\u00e4rvikaitse kuni seitsmeks n\u00e4dalaks ning lisab juustele s\u00e4ra ja eluj\u00f5udu.<\/p>\n","protected":false},"excerpt":{"rendered":"<p><i>\u0160ampoon v\u00e4rvitud juustele 250 ml<\/i><\/p>\n","protected":false},"featured_media":16398,"comment_status":"open","ping_status":"closed","template":"","meta":{"_acf_changed":false,"om_disable_all_campaigns":false,"inline_featured_image":false,"_monsterinsights_skip_tracking":false,"_monsterinsights_sitenote_active":false,"_monsterinsights_sitenote_note":"","_monsterinsights_sitenote_category":0},"product_brand":[],"product_cat":[163],"product_tag":[],"class_list":{"0":"post-4454","1":"product","2":"type-product","3":"status-publish","4":"has-post-thumbnail","6":"product_cat-shampun","8":"first","9":"instock","10":"shipping-taxable","11":"purchasable","12":"product-type-simple"},"acf":[],"yoast_head":"<!-- This site is optimized with the Yoast SEO plugin v27.2 - https:\/\/yoast.com\/product\/yoast-seo-wordpress\/ -->\n<title>WELLA INVIGO BRILLIANCE COLOR PROTECTION SHAMPOO COARSE<\/title>\n<meta name=\"description\" content=\"WELLA INVIGO BRILLIANCE COLOR PROTECTION SHAMPOO COARSE\" \/>\n<meta name=\"robots\" content=\"index, follow, max-snippet:-1, max-image-preview:large, max-video-preview:-1\" \/>\n<meta property=\"og:locale\" content=\"ru_RU\" \/>\n<meta property=\"og:type\" content=\"article\" \/>\n<meta property=\"og:title\" content=\"WELLA INVIGO BRILLIANCE COLOR PROTECTION SHAMPOO COARSE\" \/>\n<meta property=\"og:description\" content=\"WELLA INVIGO BRILLIANCE COLOR PROTECTION SHAMPOO COARSE\" \/>\n<meta property=\"og:url\" content=\"https:\/\/makeyourid.ee\/product\/wella-invigo-brilliance-color-protection-shampoo-coarse\/\" \/>\n<meta property=\"og:site_name\" content=\"MAKE YOUR ID\" \/>\n<meta property=\"article:modified_time\" content=\"2022-01-04T03:55:14+00:00\" \/>\n<meta property=\"og:image\" content=\"https:\/\/makeyourid.ee\/wp-content\/uploads\/2021\/01\/Invigo-Brlliance-shampoo-coarce.jpg\" \/>\n\t<meta property=\"og:image:width\" content=\"429\" \/>\n\t<meta property=\"og:image:height\" content=\"600\" \/>\n\t<meta property=\"og:image:type\" content=\"image\/jpeg\" \/>\n<meta name=\"twitter:card\" content=\"summary_large_image\" \/>\n<script type=\"application\/ld+json\" class=\"yoast-schema-graph\">{\"@context\":\"https:\/\/schema.org\",\"@graph\":[{\"@type\":\"WebPage\",\"@id\":\"https:\/\/makeyourid.ee\/product\/wella-invigo-brilliance-color-protection-shampoo-coarse\/\",\"url\":\"https:\/\/makeyourid.ee\/product\/wella-invigo-brilliance-color-protection-shampoo-coarse\/\",\"name\":\"WELLA INVIGO BRILLIANCE COLOR PROTECTION SHAMPOO COARSE\",\"isPartOf\":{\"@id\":\"https:\/\/makeyourid.ee\/#website\"},\"primaryImageOfPage\":{\"@id\":\"https:\/\/makeyourid.ee\/product\/wella-invigo-brilliance-color-protection-shampoo-coarse\/#primaryimage\"},\"image\":{\"@id\":\"https:\/\/makeyourid.ee\/product\/wella-invigo-brilliance-color-protection-shampoo-coarse\/#primaryimage\"},\"thumbnailUrl\":\"https:\/\/makeyourid.ee\/wp-content\/uploads\/2021\/01\/jpg_highres-wella-professionals_emea-care-relaunch_invigo_color-brilliance_shampoo_coarse_300ml_packshot_with-shadow_2023_psd.jpg\",\"datePublished\":\"2021-01-12T13:56:01+00:00\",\"dateModified\":\"2022-01-04T03:55:14+00:00\",\"description\":\"WELLA INVIGO BRILLIANCE COLOR PROTECTION SHAMPOO COARSE\",\"breadcrumb\":{\"@id\":\"https:\/\/makeyourid.ee\/product\/wella-invigo-brilliance-color-protection-shampoo-coarse\/#breadcrumb\"},\"inLanguage\":\"ru-RU\",\"potentialAction\":[{\"@type\":\"ReadAction\",\"target\":[\"https:\/\/makeyourid.ee\/product\/wella-invigo-brilliance-color-protection-shampoo-coarse\/\"]}]},{\"@type\":\"ImageObject\",\"inLanguage\":\"ru-RU\",\"@id\":\"https:\/\/makeyourid.ee\/product\/wella-invigo-brilliance-color-protection-shampoo-coarse\/#primaryimage\",\"url\":\"https:\/\/makeyourid.ee\/wp-content\/uploads\/2021\/01\/jpg_highres-wella-professionals_emea-care-relaunch_invigo_color-brilliance_shampoo_coarse_300ml_packshot_with-shadow_2023_psd.jpg\",\"contentUrl\":\"https:\/\/makeyourid.ee\/wp-content\/uploads\/2021\/01\/jpg_highres-wella-professionals_emea-care-relaunch_invigo_color-brilliance_shampoo_coarse_300ml_packshot_with-shadow_2023_psd.jpg\",\"width\":430,\"height\":600},{\"@type\":\"BreadcrumbList\",\"@id\":\"https:\/\/makeyourid.ee\/product\/wella-invigo-brilliance-color-protection-shampoo-coarse\/#breadcrumb\",\"itemListElement\":[{\"@type\":\"ListItem\",\"position\":1,\"name\":\"Home\",\"item\":\"https:\/\/makeyourid.ee\/homepage-2-2\/\"},{\"@type\":\"ListItem\",\"position\":2,\"name\":\"\u0415-\u041c\u0410\u0413\u0410\u0417\u0418\u041d\",\"item\":\"https:\/\/makeyourid.ee\/ru\/e-magazin\/\"},{\"@type\":\"ListItem\",\"position\":3,\"name\":\"WELLA INVIGO BRILLIANCE COLOR PROTECTION SHAMPOO COARSE\"}]},{\"@type\":\"WebSite\",\"@id\":\"https:\/\/makeyourid.ee\/#website\",\"url\":\"https:\/\/makeyourid.ee\/\",\"name\":\"MAKE YOUR ID\",\"description\":\"Beauty salon, Hairdresser, Barber, Nail art\",\"potentialAction\":[{\"@type\":\"SearchAction\",\"target\":{\"@type\":\"EntryPoint\",\"urlTemplate\":\"https:\/\/makeyourid.ee\/?s={search_term_string}\"},\"query-input\":{\"@type\":\"PropertyValueSpecification\",\"valueRequired\":true,\"valueName\":\"search_term_string\"}}],\"inLanguage\":\"ru-RU\"}]}<\/script>\n<!-- \/ Yoast SEO plugin. -->","yoast_head_json":{"title":"WELLA INVIGO BRILLIANCE COLOR PROTECTION SHAMPOO COARSE","description":"WELLA INVIGO BRILLIANCE COLOR PROTECTION SHAMPOO COARSE","robots":{"index":"index","follow":"follow","max-snippet":"max-snippet:-1","max-image-preview":"max-image-preview:large","max-video-preview":"max-video-preview:-1"},"og_locale":"ru_RU","og_type":"article","og_title":"WELLA INVIGO BRILLIANCE COLOR PROTECTION SHAMPOO COARSE","og_description":"WELLA INVIGO BRILLIANCE COLOR PROTECTION SHAMPOO COARSE","og_url":"https:\/\/makeyourid.ee\/product\/wella-invigo-brilliance-color-protection-shampoo-coarse\/","og_site_name":"MAKE YOUR ID","article_modified_time":"2022-01-04T03:55:14+00:00","og_image":[{"width":429,"height":600,"url":"https:\/\/makeyourid.ee\/wp-content\/uploads\/2021\/01\/Invigo-Brlliance-shampoo-coarce.jpg","type":"image\/jpeg"}],"twitter_card":"summary_large_image","schema":{"@context":"https:\/\/schema.org","@graph":[{"@type":"WebPage","@id":"https:\/\/makeyourid.ee\/product\/wella-invigo-brilliance-color-protection-shampoo-coarse\/","url":"https:\/\/makeyourid.ee\/product\/wella-invigo-brilliance-color-protection-shampoo-coarse\/","name":"WELLA INVIGO BRILLIANCE COLOR PROTECTION SHAMPOO COARSE","isPartOf":{"@id":"https:\/\/makeyourid.ee\/#website"},"primaryImageOfPage":{"@id":"https:\/\/makeyourid.ee\/product\/wella-invigo-brilliance-color-protection-shampoo-coarse\/#primaryimage"},"image":{"@id":"https:\/\/makeyourid.ee\/product\/wella-invigo-brilliance-color-protection-shampoo-coarse\/#primaryimage"},"thumbnailUrl":"https:\/\/makeyourid.ee\/wp-content\/uploads\/2021\/01\/jpg_highres-wella-professionals_emea-care-relaunch_invigo_color-brilliance_shampoo_coarse_300ml_packshot_with-shadow_2023_psd.jpg","datePublished":"2021-01-12T13:56:01+00:00","dateModified":"2022-01-04T03:55:14+00:00","description":"WELLA INVIGO BRILLIANCE COLOR PROTECTION SHAMPOO COARSE","breadcrumb":{"@id":"https:\/\/makeyourid.ee\/product\/wella-invigo-brilliance-color-protection-shampoo-coarse\/#breadcrumb"},"inLanguage":"ru-RU","potentialAction":[{"@type":"ReadAction","target":["https:\/\/makeyourid.ee\/product\/wella-invigo-brilliance-color-protection-shampoo-coarse\/"]}]},{"@type":"ImageObject","inLanguage":"ru-RU","@id":"https:\/\/makeyourid.ee\/product\/wella-invigo-brilliance-color-protection-shampoo-coarse\/#primaryimage","url":"https:\/\/makeyourid.ee\/wp-content\/uploads\/2021\/01\/jpg_highres-wella-professionals_emea-care-relaunch_invigo_color-brilliance_shampoo_coarse_300ml_packshot_with-shadow_2023_psd.jpg","contentUrl":"https:\/\/makeyourid.ee\/wp-content\/uploads\/2021\/01\/jpg_highres-wella-professionals_emea-care-relaunch_invigo_color-brilliance_shampoo_coarse_300ml_packshot_with-shadow_2023_psd.jpg","width":430,"height":600},{"@type":"BreadcrumbList","@id":"https:\/\/makeyourid.ee\/product\/wella-invigo-brilliance-color-protection-shampoo-coarse\/#breadcrumb","itemListElement":[{"@type":"ListItem","position":1,"name":"Home","item":"https:\/\/makeyourid.ee\/homepage-2-2\/"},{"@type":"ListItem","position":2,"name":"\u0415-\u041c\u0410\u0413\u0410\u0417\u0418\u041d","item":"https:\/\/makeyourid.ee\/ru\/e-magazin\/"},{"@type":"ListItem","position":3,"name":"WELLA INVIGO BRILLIANCE COLOR PROTECTION SHAMPOO COARSE"}]},{"@type":"WebSite","@id":"https:\/\/makeyourid.ee\/#website","url":"https:\/\/makeyourid.ee\/","name":"MAKE YOUR ID","description":"Beauty salon, Hairdresser, Barber, Nail art","potentialAction":[{"@type":"SearchAction","target":{"@type":"EntryPoint","urlTemplate":"https:\/\/makeyourid.ee\/?s={search_term_string}"},"query-input":{"@type":"PropertyValueSpecification","valueRequired":true,"valueName":"search_term_string"}}],"inLanguage":"ru-RU"}]}},"_links":{"self":[{"href":"https:\/\/makeyourid.ee\/ru\/wp-json\/wp\/v2\/product\/4454","targetHints":{"allow":["GET"]}}],"collection":[{"href":"https:\/\/makeyourid.ee\/ru\/wp-json\/wp\/v2\/product"}],"about":[{"href":"https:\/\/makeyourid.ee\/ru\/wp-json\/wp\/v2\/types\/product"}],"replies":[{"embeddable":true,"href":"https:\/\/makeyourid.ee\/ru\/wp-json\/wp\/v2\/comments?post=4454"}],"wp:featuredmedia":[{"embeddable":true,"href":"https:\/\/makeyourid.ee\/ru\/wp-json\/wp\/v2\/media\/16398"}],"wp:attachment":[{"href":"https:\/\/makeyourid.ee\/ru\/wp-json\/wp\/v2\/media?parent=4454"}],"wp:term":[{"taxonomy":"product_brand","embeddable":true,"href":"https:\/\/makeyourid.ee\/ru\/wp-json\/wp\/v2\/product_brand?post=4454"},{"taxonomy":"product_cat","embeddable":true,"href":"https:\/\/makeyourid.ee\/ru\/wp-json\/wp\/v2\/product_cat?post=4454"},{"taxonomy":"product_tag","embeddable":true,"href":"https:\/\/makeyourid.ee\/ru\/wp-json\/wp\/v2\/product_tag?post=4454"}],"curies":[{"name":"wp","href":"https:\/\/api.w.org\/{rel}","templated":true}]}}