{"id":16597,"date":"2021-01-18T08:06:52","date_gmt":"2026-02-16T14:21:26","guid":{"rendered":"https:\/\/makeyourid.ee\/product\/wella-invigo-scalp-balance-deep-cleansing-shampoo\/"},"modified":"2026-02-16T12:21:26","modified_gmt":"2026-02-16T14:21:26","slug":"wella-invigo-balance-aqua-refresh-shampoo","status":"publish","type":"product","link":"https:\/\/makeyourid.ee\/fi\/tuote\/wella-invigo-balance-aqua-refresh-shampoo\/","title":{"rendered":"WELLA INVIGO SCALP BALANCE DEEP CLEANSING SHAMPOO"},"content":{"rendered":"<p>Raikastava shampoo kaikille hiustyypeille.<br \/>Sis\u00e4lt\u00e4\u00e4 mentolia. Raikastava koostumus viilent\u00e4\u00e4 ja virkist\u00e4\u00e4 hiuspohjaa tehden hiuksista elinvoimaiset.  <\/p>\n<p>Ainesosat: Aqua\/Water\/Eau, Sodium Laureth Sulfate, Sodium Lauryl Sulfate, Cocamidopropyl Betaine, Parfum\/Fragrance, Cocamide MEA, Sodium Benzoate, Citric Acid, Sodium Chloride, Salicylic Acid, Tetrasodium EDTA, Methylparaben, Creatine, Glycerin, Propylene Glycol, Limonene, Sodium Hydroxide, Vitis Vinifera (Grape) Fruit Extract, Nelumbium Speciosum Flower Extract, Propylparaben, Potassium Benzoate, Sodium Citrate, Sodium Xylenesulfonate.<\/p>\n","protected":false},"excerpt":{"rendered":"<p><i>Invigo Scalp Balance -syv\u00e4puhdistava shampoo hoitaa hiuspohjaa ja palauttaa sen tasapainon 300 ml<\/i><\/p>\n","protected":false},"featured_media":16334,"comment_status":"open","ping_status":"closed","template":"","meta":{"_acf_changed":false,"om_disable_all_campaigns":false,"inline_featured_image":false,"_monsterinsights_skip_tracking":false,"_monsterinsights_sitenote_active":false,"_monsterinsights_sitenote_note":"","_monsterinsights_sitenote_category":0},"product_brand":[],"product_cat":[222],"product_tag":[],"class_list":{"0":"post-16597","1":"product","2":"type-product","3":"status-publish","4":"has-post-thumbnail","6":"product_cat-shampoo-ee","8":"first","9":"instock","10":"shipping-taxable","11":"purchasable","12":"product-type-simple"},"acf":[],"yoast_head":"<!-- This site is optimized with the Yoast SEO plugin v27.2 - https:\/\/yoast.com\/product\/yoast-seo-wordpress\/ -->\n<title>WELLA INVIGO SCALP BALANCE DEEP CLEANSING SHAMPOO<\/title>\n<meta name=\"description\" content=\"WELLA INVIGO SCALP BALANCE DEEP CLEANSING SHAMPOO\" \/>\n<meta name=\"robots\" content=\"index, follow, max-snippet:-1, max-image-preview:large, max-video-preview:-1\" \/>\n<meta property=\"og:locale\" content=\"fi_FI\" \/>\n<meta property=\"og:type\" content=\"article\" \/>\n<meta property=\"og:title\" content=\"WELLA INVIGO SCALP BALANCE DEEP CLEANSING SHAMPOO\" \/>\n<meta property=\"og:description\" content=\"WELLA INVIGO SCALP BALANCE DEEP CLEANSING SHAMPOO\" \/>\n<meta property=\"og:url\" content=\"https:\/\/makeyourid.ee\/product\/wella-invigo-balance-aqua-refresh-shampoo\/\" \/>\n<meta property=\"og:site_name\" content=\"MAKE YOUR ID\" \/>\n<meta property=\"og:image\" content=\"https:\/\/makeyourid.ee\/wp-content\/uploads\/2021\/01\/jpg_highres-wella-professionals_emea-care-relaunch_invigo_scalp-balance_shampoo_deep-cleansing_300ml_packshot_with-shadow_2023_psd.jpg\" \/>\n\t<meta property=\"og:image:width\" content=\"430\" \/>\n\t<meta property=\"og:image:height\" content=\"600\" \/>\n\t<meta property=\"og:image:type\" content=\"image\/jpeg\" \/>\n<meta name=\"twitter:card\" content=\"summary_large_image\" \/>\n<script type=\"application\/ld+json\" class=\"yoast-schema-graph\">{\"@context\":\"https:\/\/schema.org\",\"@graph\":[{\"@type\":\"WebPage\",\"@id\":\"https:\/\/makeyourid.ee\/product\/wella-invigo-balance-aqua-refresh-shampoo\/\",\"url\":\"https:\/\/makeyourid.ee\/product\/wella-invigo-balance-aqua-refresh-shampoo\/\",\"name\":\"WELLA INVIGO SCALP BALANCE DEEP CLEANSING SHAMPOO\",\"isPartOf\":{\"@id\":\"https:\/\/makeyourid.ee\/#website\"},\"primaryImageOfPage\":{\"@id\":\"https:\/\/makeyourid.ee\/product\/wella-invigo-balance-aqua-refresh-shampoo\/#primaryimage\"},\"image\":{\"@id\":\"https:\/\/makeyourid.ee\/product\/wella-invigo-balance-aqua-refresh-shampoo\/#primaryimage\"},\"thumbnailUrl\":\"https:\/\/makeyourid.ee\/wp-content\/uploads\/2021\/01\/jpg_highres-wella-professionals_emea-care-relaunch_invigo_scalp-balance_shampoo_deep-cleansing_300ml_packshot_with-shadow_2023_psd.jpg\",\"datePublished\":\"2026-02-16T14:21:26+00:00\",\"description\":\"WELLA INVIGO SCALP BALANCE DEEP CLEANSING SHAMPOO\",\"breadcrumb\":{\"@id\":\"https:\/\/makeyourid.ee\/product\/wella-invigo-balance-aqua-refresh-shampoo\/#breadcrumb\"},\"inLanguage\":\"fi\",\"potentialAction\":[{\"@type\":\"ReadAction\",\"target\":[\"https:\/\/makeyourid.ee\/product\/wella-invigo-balance-aqua-refresh-shampoo\/\"]}]},{\"@type\":\"ImageObject\",\"inLanguage\":\"fi\",\"@id\":\"https:\/\/makeyourid.ee\/product\/wella-invigo-balance-aqua-refresh-shampoo\/#primaryimage\",\"url\":\"https:\/\/makeyourid.ee\/wp-content\/uploads\/2021\/01\/jpg_highres-wella-professionals_emea-care-relaunch_invigo_scalp-balance_shampoo_deep-cleansing_300ml_packshot_with-shadow_2023_psd.jpg\",\"contentUrl\":\"https:\/\/makeyourid.ee\/wp-content\/uploads\/2021\/01\/jpg_highres-wella-professionals_emea-care-relaunch_invigo_scalp-balance_shampoo_deep-cleansing_300ml_packshot_with-shadow_2023_psd.jpg\",\"width\":430,\"height\":600},{\"@type\":\"BreadcrumbList\",\"@id\":\"https:\/\/makeyourid.ee\/product\/wella-invigo-balance-aqua-refresh-shampoo\/#breadcrumb\",\"itemListElement\":[{\"@type\":\"ListItem\",\"position\":1,\"name\":\"Home\",\"item\":\"https:\/\/makeyourid.ee\/\"},{\"@type\":\"ListItem\",\"position\":2,\"name\":\"E-POOD\",\"item\":\"https:\/\/makeyourid.ee\/fi\/e-pood\/\"},{\"@type\":\"ListItem\",\"position\":3,\"name\":\"WELLA INVIGO SCALP BALANCE DEEP CLEANSING SHAMPOO\"}]},{\"@type\":\"WebSite\",\"@id\":\"https:\/\/makeyourid.ee\/#website\",\"url\":\"https:\/\/makeyourid.ee\/\",\"name\":\"MAKE YOUR ID\",\"description\":\"Beauty salon, Hairdresser, Barber, Nail art\",\"potentialAction\":[{\"@type\":\"SearchAction\",\"target\":{\"@type\":\"EntryPoint\",\"urlTemplate\":\"https:\/\/makeyourid.ee\/?s={search_term_string}\"},\"query-input\":{\"@type\":\"PropertyValueSpecification\",\"valueRequired\":true,\"valueName\":\"search_term_string\"}}],\"inLanguage\":\"fi\"}]}<\/script>\n<!-- \/ Yoast SEO plugin. -->","yoast_head_json":{"title":"WELLA INVIGO SCALP BALANCE DEEP CLEANSING SHAMPOO","description":"WELLA INVIGO SCALP BALANCE DEEP CLEANSING SHAMPOO","robots":{"index":"index","follow":"follow","max-snippet":"max-snippet:-1","max-image-preview":"max-image-preview:large","max-video-preview":"max-video-preview:-1"},"og_locale":"fi_FI","og_type":"article","og_title":"WELLA INVIGO SCALP BALANCE DEEP CLEANSING SHAMPOO","og_description":"WELLA INVIGO SCALP BALANCE DEEP CLEANSING SHAMPOO","og_url":"https:\/\/makeyourid.ee\/product\/wella-invigo-balance-aqua-refresh-shampoo\/","og_site_name":"MAKE YOUR ID","og_image":[{"width":430,"height":600,"url":"https:\/\/makeyourid.ee\/wp-content\/uploads\/2021\/01\/jpg_highres-wella-professionals_emea-care-relaunch_invigo_scalp-balance_shampoo_deep-cleansing_300ml_packshot_with-shadow_2023_psd.jpg","type":"image\/jpeg"}],"twitter_card":"summary_large_image","schema":{"@context":"https:\/\/schema.org","@graph":[{"@type":"WebPage","@id":"https:\/\/makeyourid.ee\/product\/wella-invigo-balance-aqua-refresh-shampoo\/","url":"https:\/\/makeyourid.ee\/product\/wella-invigo-balance-aqua-refresh-shampoo\/","name":"WELLA INVIGO SCALP BALANCE DEEP CLEANSING SHAMPOO","isPartOf":{"@id":"https:\/\/makeyourid.ee\/#website"},"primaryImageOfPage":{"@id":"https:\/\/makeyourid.ee\/product\/wella-invigo-balance-aqua-refresh-shampoo\/#primaryimage"},"image":{"@id":"https:\/\/makeyourid.ee\/product\/wella-invigo-balance-aqua-refresh-shampoo\/#primaryimage"},"thumbnailUrl":"https:\/\/makeyourid.ee\/wp-content\/uploads\/2021\/01\/jpg_highres-wella-professionals_emea-care-relaunch_invigo_scalp-balance_shampoo_deep-cleansing_300ml_packshot_with-shadow_2023_psd.jpg","datePublished":"2026-02-16T14:21:26+00:00","description":"WELLA INVIGO SCALP BALANCE DEEP CLEANSING SHAMPOO","breadcrumb":{"@id":"https:\/\/makeyourid.ee\/product\/wella-invigo-balance-aqua-refresh-shampoo\/#breadcrumb"},"inLanguage":"fi","potentialAction":[{"@type":"ReadAction","target":["https:\/\/makeyourid.ee\/product\/wella-invigo-balance-aqua-refresh-shampoo\/"]}]},{"@type":"ImageObject","inLanguage":"fi","@id":"https:\/\/makeyourid.ee\/product\/wella-invigo-balance-aqua-refresh-shampoo\/#primaryimage","url":"https:\/\/makeyourid.ee\/wp-content\/uploads\/2021\/01\/jpg_highres-wella-professionals_emea-care-relaunch_invigo_scalp-balance_shampoo_deep-cleansing_300ml_packshot_with-shadow_2023_psd.jpg","contentUrl":"https:\/\/makeyourid.ee\/wp-content\/uploads\/2021\/01\/jpg_highres-wella-professionals_emea-care-relaunch_invigo_scalp-balance_shampoo_deep-cleansing_300ml_packshot_with-shadow_2023_psd.jpg","width":430,"height":600},{"@type":"BreadcrumbList","@id":"https:\/\/makeyourid.ee\/product\/wella-invigo-balance-aqua-refresh-shampoo\/#breadcrumb","itemListElement":[{"@type":"ListItem","position":1,"name":"Home","item":"https:\/\/makeyourid.ee\/"},{"@type":"ListItem","position":2,"name":"E-POOD","item":"https:\/\/makeyourid.ee\/fi\/e-pood\/"},{"@type":"ListItem","position":3,"name":"WELLA INVIGO SCALP BALANCE DEEP CLEANSING SHAMPOO"}]},{"@type":"WebSite","@id":"https:\/\/makeyourid.ee\/#website","url":"https:\/\/makeyourid.ee\/","name":"MAKE YOUR ID","description":"Beauty salon, Hairdresser, Barber, Nail art","potentialAction":[{"@type":"SearchAction","target":{"@type":"EntryPoint","urlTemplate":"https:\/\/makeyourid.ee\/?s={search_term_string}"},"query-input":{"@type":"PropertyValueSpecification","valueRequired":true,"valueName":"search_term_string"}}],"inLanguage":"fi"}]}},"_links":{"self":[{"href":"https:\/\/makeyourid.ee\/fi\/wp-json\/wp\/v2\/product\/16597","targetHints":{"allow":["GET"]}}],"collection":[{"href":"https:\/\/makeyourid.ee\/fi\/wp-json\/wp\/v2\/product"}],"about":[{"href":"https:\/\/makeyourid.ee\/fi\/wp-json\/wp\/v2\/types\/product"}],"replies":[{"embeddable":true,"href":"https:\/\/makeyourid.ee\/fi\/wp-json\/wp\/v2\/comments?post=16597"}],"wp:featuredmedia":[{"embeddable":true,"href":"https:\/\/makeyourid.ee\/fi\/wp-json\/wp\/v2\/media\/16334"}],"wp:attachment":[{"href":"https:\/\/makeyourid.ee\/fi\/wp-json\/wp\/v2\/media?parent=16597"}],"wp:term":[{"taxonomy":"product_brand","embeddable":true,"href":"https:\/\/makeyourid.ee\/fi\/wp-json\/wp\/v2\/product_brand?post=16597"},{"taxonomy":"product_cat","embeddable":true,"href":"https:\/\/makeyourid.ee\/fi\/wp-json\/wp\/v2\/product_cat?post=16597"},{"taxonomy":"product_tag","embeddable":true,"href":"https:\/\/makeyourid.ee\/fi\/wp-json\/wp\/v2\/product_tag?post=16597"}],"curies":[{"name":"wp","href":"https:\/\/api.w.org\/{rel}","templated":true}]}}