{"id":16584,"date":"2021-02-13T11:19:33","date_gmt":"2026-02-13T18:54:02","guid":{"rendered":"https:\/\/makeyourid.ee\/product\/nioxin-system-4-peanahka-ja-juukseid-hooldav-palsam\/"},"modified":"2026-02-13T16:54:02","modified_gmt":"2026-02-13T18:54:02","slug":"nioxin-system-4-scalp-revitalizing-conditioner-colored-hair","status":"publish","type":"product","link":"https:\/\/makeyourid.ee\/fi\/tuote\/nioxin-system-4-scalp-revitalizing-conditioner-colored-hair\/","title":{"rendered":"NIOXIN SYSTEM 4 Peanahka ja juukseid hooldav palsam"},"content":{"rendered":"<p>Nioxin Pro Clinical 4 -sarja on suunniteltu merkitt\u00e4v\u00e4sti harventuneille kuiville, vaurioituneille ja v\u00e4rj\u00e4tyille hiuksille. Sarjan kevyt hoitoaine kosteuttaa p\u00e4\u00e4nahkaa ja hiuksia tyvest\u00e4 latvaan sek\u00e4 auttaa vahvistamaan hiuksia. Tuote on kliinisesti ja dermatologisesti testattu.   <\/p>\n<p>Tuote sis\u00e4lt\u00e4\u00e4 voimakkaan yhdistelm\u00e4n niasiinia, biotiinia ja kofeiinia, jotka ravitsevat hiusten juuria, stimuloivat hiusfollikkeleita ja vahvistavat hiuksia.<\/p>\n<p>Hoitoaine parantaa p\u00e4\u00e4nahan terveytt\u00e4 ja ymp\u00e4rist\u00f6\u00e4, jotta hiukset voivat kasvaa pidemmiksi. Sen kevyt ja kosteuttava koostumus sis\u00e4lt\u00e4\u00e4 aineita, jotka tekev\u00e4t hiuksista vahvempia vaurioita ja katkeilua vastaan sek\u00e4 edist\u00e4v\u00e4t p\u00e4\u00e4nahan hyvinvointia. <\/p>\n<p>K\u00e4ytt\u00f6: Levit\u00e4 pieni m\u00e4\u00e4r\u00e4 hoitoainetta pestyille, m\u00e4rille hiuksille. Hiero hell\u00e4varaisesti p\u00e4\u00e4nahkaan ja hiuksiin, keskitt\u00e4en huomiota ongelma-alueisiin. Anna vaikuttaa 1\u20133 minuuttia ja huuhtele huolellisesti. Parhaan tuloksen saavuttamiseksi k\u00e4yt\u00e4 p\u00e4ivitt\u00e4in yhdess\u00e4 Nioxin 4 -sarjan p\u00e4\u00e4nahkaa ja hiuksia hoitavan shampoon sek\u00e4 p\u00e4\u00e4nahkaa hoitavan ja hiuksia tiivist\u00e4v\u00e4n hoitotuotteen kanssa.    <\/p>\n","protected":false},"excerpt":{"rendered":"<p><i>Hoitoaine v\u00e4rj\u00e4tyille, merkitt\u00e4v\u00e4sti harventuneille hiuksille 300 ml<\/i><\/p>\n","protected":false},"featured_media":16223,"comment_status":"open","ping_status":"closed","template":"","meta":{"_acf_changed":false,"om_disable_all_campaigns":false,"inline_featured_image":false,"_monsterinsights_skip_tracking":false,"_monsterinsights_sitenote_active":false,"_monsterinsights_sitenote_note":"","_monsterinsights_sitenote_category":0},"product_brand":[],"product_cat":[220],"product_tag":[],"class_list":{"0":"post-16584","1":"product","2":"type-product","3":"status-publish","4":"has-post-thumbnail","6":"product_cat-conditioner-fi","8":"first","9":"instock","10":"shipping-taxable","11":"purchasable","12":"product-type-simple"},"acf":[],"yoast_head":"<!-- This site is optimized with the Yoast SEO plugin v27.2 - https:\/\/yoast.com\/product\/yoast-seo-wordpress\/ -->\n<title>NIOXIN SYSTEM 4 Peanahka ja juukseid hooldav palsam<\/title>\n<meta name=\"description\" content=\"NIOXIN SYSTEM 4 Peanahka ja juukseid hooldav palsam\" \/>\n<meta name=\"robots\" content=\"index, follow, max-snippet:-1, max-image-preview:large, max-video-preview:-1\" \/>\n<meta property=\"og:locale\" content=\"fi_FI\" \/>\n<meta property=\"og:type\" content=\"article\" \/>\n<meta property=\"og:title\" content=\"NIOXIN SYSTEM 4 Peanahka ja juukseid hooldav palsam\" \/>\n<meta property=\"og:description\" content=\"NIOXIN SYSTEM 4 Peanahka ja juukseid hooldav palsam\" \/>\n<meta property=\"og:url\" content=\"https:\/\/makeyourid.ee\/product\/nioxin-system-4-scalp-revitalizing-conditioner-colored-hair\/\" \/>\n<meta property=\"og:site_name\" content=\"MAKE YOUR ID\" \/>\n<meta property=\"og:image\" content=\"https:\/\/makeyourid.ee\/wp-content\/uploads\/2021\/02\/jpg_highres-nioxin_restage_row_system-4_conditioner_300ml.jpg\" \/>\n\t<meta property=\"og:image:width\" content=\"429\" \/>\n\t<meta property=\"og:image:height\" content=\"600\" \/>\n\t<meta property=\"og:image:type\" content=\"image\/jpeg\" \/>\n<meta name=\"twitter:card\" content=\"summary_large_image\" \/>\n<meta name=\"twitter:label1\" content=\"Arvioitu lukuaika\" \/>\n\t<meta name=\"twitter:data1\" content=\"1 minuutti\" \/>\n<script type=\"application\/ld+json\" class=\"yoast-schema-graph\">{\"@context\":\"https:\/\/schema.org\",\"@graph\":[{\"@type\":\"WebPage\",\"@id\":\"https:\/\/makeyourid.ee\/product\/nioxin-system-4-scalp-revitalizing-conditioner-colored-hair\/\",\"url\":\"https:\/\/makeyourid.ee\/product\/nioxin-system-4-scalp-revitalizing-conditioner-colored-hair\/\",\"name\":\"NIOXIN SYSTEM 4 Peanahka ja juukseid hooldav palsam\",\"isPartOf\":{\"@id\":\"https:\/\/makeyourid.ee\/#website\"},\"primaryImageOfPage\":{\"@id\":\"https:\/\/makeyourid.ee\/product\/nioxin-system-4-scalp-revitalizing-conditioner-colored-hair\/#primaryimage\"},\"image\":{\"@id\":\"https:\/\/makeyourid.ee\/product\/nioxin-system-4-scalp-revitalizing-conditioner-colored-hair\/#primaryimage\"},\"thumbnailUrl\":\"https:\/\/makeyourid.ee\/wp-content\/uploads\/2021\/02\/jpg_highres-nioxin_restage_row_system-4_conditioner_300ml.jpg\",\"datePublished\":\"2026-02-13T18:54:02+00:00\",\"description\":\"NIOXIN SYSTEM 4 Peanahka ja juukseid hooldav palsam\",\"breadcrumb\":{\"@id\":\"https:\/\/makeyourid.ee\/product\/nioxin-system-4-scalp-revitalizing-conditioner-colored-hair\/#breadcrumb\"},\"inLanguage\":\"fi\",\"potentialAction\":[{\"@type\":\"ReadAction\",\"target\":[\"https:\/\/makeyourid.ee\/product\/nioxin-system-4-scalp-revitalizing-conditioner-colored-hair\/\"]}]},{\"@type\":\"ImageObject\",\"inLanguage\":\"fi\",\"@id\":\"https:\/\/makeyourid.ee\/product\/nioxin-system-4-scalp-revitalizing-conditioner-colored-hair\/#primaryimage\",\"url\":\"https:\/\/makeyourid.ee\/wp-content\/uploads\/2021\/02\/jpg_highres-nioxin_restage_row_system-4_conditioner_300ml.jpg\",\"contentUrl\":\"https:\/\/makeyourid.ee\/wp-content\/uploads\/2021\/02\/jpg_highres-nioxin_restage_row_system-4_conditioner_300ml.jpg\",\"width\":429,\"height\":600},{\"@type\":\"BreadcrumbList\",\"@id\":\"https:\/\/makeyourid.ee\/product\/nioxin-system-4-scalp-revitalizing-conditioner-colored-hair\/#breadcrumb\",\"itemListElement\":[{\"@type\":\"ListItem\",\"position\":1,\"name\":\"Home\",\"item\":\"https:\/\/makeyourid.ee\/\"},{\"@type\":\"ListItem\",\"position\":2,\"name\":\"E-POOD\",\"item\":\"https:\/\/makeyourid.ee\/fi\/e-pood\/\"},{\"@type\":\"ListItem\",\"position\":3,\"name\":\"NIOXIN SYSTEM 4 Peanahka ja juukseid hooldav palsam\"}]},{\"@type\":\"WebSite\",\"@id\":\"https:\/\/makeyourid.ee\/#website\",\"url\":\"https:\/\/makeyourid.ee\/\",\"name\":\"MAKE YOUR ID\",\"description\":\"Beauty salon, Hairdresser, Barber, Nail art\",\"potentialAction\":[{\"@type\":\"SearchAction\",\"target\":{\"@type\":\"EntryPoint\",\"urlTemplate\":\"https:\/\/makeyourid.ee\/?s={search_term_string}\"},\"query-input\":{\"@type\":\"PropertyValueSpecification\",\"valueRequired\":true,\"valueName\":\"search_term_string\"}}],\"inLanguage\":\"fi\"}]}<\/script>\n<!-- \/ Yoast SEO plugin. -->","yoast_head_json":{"title":"NIOXIN SYSTEM 4 Peanahka ja juukseid hooldav palsam","description":"NIOXIN SYSTEM 4 Peanahka ja juukseid hooldav palsam","robots":{"index":"index","follow":"follow","max-snippet":"max-snippet:-1","max-image-preview":"max-image-preview:large","max-video-preview":"max-video-preview:-1"},"og_locale":"fi_FI","og_type":"article","og_title":"NIOXIN SYSTEM 4 Peanahka ja juukseid hooldav palsam","og_description":"NIOXIN SYSTEM 4 Peanahka ja juukseid hooldav palsam","og_url":"https:\/\/makeyourid.ee\/product\/nioxin-system-4-scalp-revitalizing-conditioner-colored-hair\/","og_site_name":"MAKE YOUR ID","og_image":[{"width":429,"height":600,"url":"https:\/\/makeyourid.ee\/wp-content\/uploads\/2021\/02\/jpg_highres-nioxin_restage_row_system-4_conditioner_300ml.jpg","type":"image\/jpeg"}],"twitter_card":"summary_large_image","twitter_misc":{"Arvioitu lukuaika":"1 minuutti"},"schema":{"@context":"https:\/\/schema.org","@graph":[{"@type":"WebPage","@id":"https:\/\/makeyourid.ee\/product\/nioxin-system-4-scalp-revitalizing-conditioner-colored-hair\/","url":"https:\/\/makeyourid.ee\/product\/nioxin-system-4-scalp-revitalizing-conditioner-colored-hair\/","name":"NIOXIN SYSTEM 4 Peanahka ja juukseid hooldav palsam","isPartOf":{"@id":"https:\/\/makeyourid.ee\/#website"},"primaryImageOfPage":{"@id":"https:\/\/makeyourid.ee\/product\/nioxin-system-4-scalp-revitalizing-conditioner-colored-hair\/#primaryimage"},"image":{"@id":"https:\/\/makeyourid.ee\/product\/nioxin-system-4-scalp-revitalizing-conditioner-colored-hair\/#primaryimage"},"thumbnailUrl":"https:\/\/makeyourid.ee\/wp-content\/uploads\/2021\/02\/jpg_highres-nioxin_restage_row_system-4_conditioner_300ml.jpg","datePublished":"2026-02-13T18:54:02+00:00","description":"NIOXIN SYSTEM 4 Peanahka ja juukseid hooldav palsam","breadcrumb":{"@id":"https:\/\/makeyourid.ee\/product\/nioxin-system-4-scalp-revitalizing-conditioner-colored-hair\/#breadcrumb"},"inLanguage":"fi","potentialAction":[{"@type":"ReadAction","target":["https:\/\/makeyourid.ee\/product\/nioxin-system-4-scalp-revitalizing-conditioner-colored-hair\/"]}]},{"@type":"ImageObject","inLanguage":"fi","@id":"https:\/\/makeyourid.ee\/product\/nioxin-system-4-scalp-revitalizing-conditioner-colored-hair\/#primaryimage","url":"https:\/\/makeyourid.ee\/wp-content\/uploads\/2021\/02\/jpg_highres-nioxin_restage_row_system-4_conditioner_300ml.jpg","contentUrl":"https:\/\/makeyourid.ee\/wp-content\/uploads\/2021\/02\/jpg_highres-nioxin_restage_row_system-4_conditioner_300ml.jpg","width":429,"height":600},{"@type":"BreadcrumbList","@id":"https:\/\/makeyourid.ee\/product\/nioxin-system-4-scalp-revitalizing-conditioner-colored-hair\/#breadcrumb","itemListElement":[{"@type":"ListItem","position":1,"name":"Home","item":"https:\/\/makeyourid.ee\/"},{"@type":"ListItem","position":2,"name":"E-POOD","item":"https:\/\/makeyourid.ee\/fi\/e-pood\/"},{"@type":"ListItem","position":3,"name":"NIOXIN SYSTEM 4 Peanahka ja juukseid hooldav palsam"}]},{"@type":"WebSite","@id":"https:\/\/makeyourid.ee\/#website","url":"https:\/\/makeyourid.ee\/","name":"MAKE YOUR ID","description":"Beauty salon, Hairdresser, Barber, Nail art","potentialAction":[{"@type":"SearchAction","target":{"@type":"EntryPoint","urlTemplate":"https:\/\/makeyourid.ee\/?s={search_term_string}"},"query-input":{"@type":"PropertyValueSpecification","valueRequired":true,"valueName":"search_term_string"}}],"inLanguage":"fi"}]}},"_links":{"self":[{"href":"https:\/\/makeyourid.ee\/fi\/wp-json\/wp\/v2\/product\/16584","targetHints":{"allow":["GET"]}}],"collection":[{"href":"https:\/\/makeyourid.ee\/fi\/wp-json\/wp\/v2\/product"}],"about":[{"href":"https:\/\/makeyourid.ee\/fi\/wp-json\/wp\/v2\/types\/product"}],"replies":[{"embeddable":true,"href":"https:\/\/makeyourid.ee\/fi\/wp-json\/wp\/v2\/comments?post=16584"}],"wp:featuredmedia":[{"embeddable":true,"href":"https:\/\/makeyourid.ee\/fi\/wp-json\/wp\/v2\/media\/16223"}],"wp:attachment":[{"href":"https:\/\/makeyourid.ee\/fi\/wp-json\/wp\/v2\/media?parent=16584"}],"wp:term":[{"taxonomy":"product_brand","embeddable":true,"href":"https:\/\/makeyourid.ee\/fi\/wp-json\/wp\/v2\/product_brand?post=16584"},{"taxonomy":"product_cat","embeddable":true,"href":"https:\/\/makeyourid.ee\/fi\/wp-json\/wp\/v2\/product_cat?post=16584"},{"taxonomy":"product_tag","embeddable":true,"href":"https:\/\/makeyourid.ee\/fi\/wp-json\/wp\/v2\/product_tag?post=16584"}],"curies":[{"name":"wp","href":"https:\/\/api.w.org\/{rel}","templated":true}]}}