{"id":16582,"date":"2021-02-17T06:57:37","date_gmt":"2026-02-13T16:58:43","guid":{"rendered":"https:\/\/makeyourid.ee\/product\/sebman-the-smoother\/"},"modified":"2026-02-13T14:58:43","modified_gmt":"2026-02-13T16:58:43","slug":"sebman-the-smoother","status":"publish","type":"product","link":"https:\/\/makeyourid.ee\/fi\/tuote\/sebman-the-smoother\/","title":{"rendered":"SEBMAN THE SMOOTHER"},"content":{"rendered":"<div class=\"intro_prod\">\n<p>Pois huuhdeltava hoitoaine miehille. Lis\u00e4\u00e4 hiuksiin kosteutta ja hallittavuutta. Sis\u00e4lt\u00e4\u00e4 guaranauutetta sek\u00e4 virkist\u00e4v\u00e4n tuoksun, jossa on raikasta bergamottia ja pinkkipippuria.<\/p>\n<\/div>\n","protected":false},"excerpt":{"rendered":"<p><i>Hoitoaine miehille 250 ml<\/i><\/p>\n","protected":false},"featured_media":16583,"comment_status":"open","ping_status":"closed","template":"","meta":{"_acf_changed":false,"om_disable_all_campaigns":false,"inline_featured_image":false,"_monsterinsights_skip_tracking":false,"_monsterinsights_sitenote_active":false,"_monsterinsights_sitenote_note":"","_monsterinsights_sitenote_category":0},"product_brand":[],"product_cat":[220],"product_tag":[],"class_list":{"0":"post-16582","1":"product","2":"type-product","3":"status-publish","4":"has-post-thumbnail","6":"product_cat-conditioner-fi","8":"first","9":"instock","10":"shipping-taxable","11":"purchasable","12":"product-type-simple"},"acf":[],"yoast_head":"<!-- This site is optimized with the Yoast SEO plugin v27.2 - https:\/\/yoast.com\/product\/yoast-seo-wordpress\/ -->\n<title>SEBMAN THE SMOOTHER<\/title>\n<meta name=\"description\" content=\"Pois huuhdeltava hoitoaine miehille\" \/>\n<meta name=\"robots\" content=\"index, follow, max-snippet:-1, max-image-preview:large, max-video-preview:-1\" \/>\n<meta property=\"og:locale\" content=\"fi_FI\" \/>\n<meta property=\"og:type\" content=\"article\" \/>\n<meta property=\"og:title\" content=\"SEBMAN THE SMOOTHER\" \/>\n<meta property=\"og:description\" content=\"Pois huuhdeltava hoitoaine miehille\" \/>\n<meta property=\"og:url\" content=\"https:\/\/makeyourid.ee\/product\/sebman-the-smoother\/\" \/>\n<meta property=\"og:site_name\" content=\"MAKE YOUR ID\" \/>\n<meta property=\"og:image\" content=\"https:\/\/makeyourid.ee\/wp-content\/uploads\/2021\/03\/sebman-the-smoother.jpg\" \/>\n\t<meta property=\"og:image:width\" content=\"429\" \/>\n\t<meta property=\"og:image:height\" content=\"600\" \/>\n\t<meta property=\"og:image:type\" content=\"image\/jpeg\" \/>\n<meta name=\"twitter:card\" content=\"summary_large_image\" \/>\n<script type=\"application\/ld+json\" class=\"yoast-schema-graph\">{\"@context\":\"https:\/\/schema.org\",\"@graph\":[{\"@type\":\"WebPage\",\"@id\":\"https:\/\/makeyourid.ee\/product\/sebman-the-smoother\/\",\"url\":\"https:\/\/makeyourid.ee\/product\/sebman-the-smoother\/\",\"name\":\"SEBMAN THE SMOOTHER\",\"isPartOf\":{\"@id\":\"https:\/\/makeyourid.ee\/#website\"},\"primaryImageOfPage\":{\"@id\":\"https:\/\/makeyourid.ee\/product\/sebman-the-smoother\/#primaryimage\"},\"image\":{\"@id\":\"https:\/\/makeyourid.ee\/product\/sebman-the-smoother\/#primaryimage\"},\"thumbnailUrl\":\"https:\/\/makeyourid.ee\/wp-content\/uploads\/2021\/03\/sebman-the-smoother.jpg\",\"datePublished\":\"2026-02-13T16:58:43+00:00\",\"description\":\"Pois huuhdeltava hoitoaine miehille\",\"breadcrumb\":{\"@id\":\"https:\/\/makeyourid.ee\/product\/sebman-the-smoother\/#breadcrumb\"},\"inLanguage\":\"fi\",\"potentialAction\":[{\"@type\":\"ReadAction\",\"target\":[\"https:\/\/makeyourid.ee\/product\/sebman-the-smoother\/\"]}]},{\"@type\":\"ImageObject\",\"inLanguage\":\"fi\",\"@id\":\"https:\/\/makeyourid.ee\/product\/sebman-the-smoother\/#primaryimage\",\"url\":\"https:\/\/makeyourid.ee\/wp-content\/uploads\/2021\/03\/sebman-the-smoother.jpg\",\"contentUrl\":\"https:\/\/makeyourid.ee\/wp-content\/uploads\/2021\/03\/sebman-the-smoother.jpg\",\"width\":429,\"height\":600},{\"@type\":\"BreadcrumbList\",\"@id\":\"https:\/\/makeyourid.ee\/product\/sebman-the-smoother\/#breadcrumb\",\"itemListElement\":[{\"@type\":\"ListItem\",\"position\":1,\"name\":\"Home\",\"item\":\"https:\/\/makeyourid.ee\/\"},{\"@type\":\"ListItem\",\"position\":2,\"name\":\"E-POOD\",\"item\":\"https:\/\/makeyourid.ee\/fi\/e-pood\/\"},{\"@type\":\"ListItem\",\"position\":3,\"name\":\"SEBMAN THE SMOOTHER\"}]},{\"@type\":\"WebSite\",\"@id\":\"https:\/\/makeyourid.ee\/#website\",\"url\":\"https:\/\/makeyourid.ee\/\",\"name\":\"MAKE YOUR ID\",\"description\":\"Beauty salon, Hairdresser, Barber, Nail art\",\"potentialAction\":[{\"@type\":\"SearchAction\",\"target\":{\"@type\":\"EntryPoint\",\"urlTemplate\":\"https:\/\/makeyourid.ee\/?s={search_term_string}\"},\"query-input\":{\"@type\":\"PropertyValueSpecification\",\"valueRequired\":true,\"valueName\":\"search_term_string\"}}],\"inLanguage\":\"fi\"}]}<\/script>\n<!-- \/ Yoast SEO plugin. -->","yoast_head_json":{"title":"SEBMAN THE SMOOTHER","description":"Pois huuhdeltava hoitoaine miehille","robots":{"index":"index","follow":"follow","max-snippet":"max-snippet:-1","max-image-preview":"max-image-preview:large","max-video-preview":"max-video-preview:-1"},"og_locale":"fi_FI","og_type":"article","og_title":"SEBMAN THE SMOOTHER","og_description":"Pois huuhdeltava hoitoaine miehille","og_url":"https:\/\/makeyourid.ee\/product\/sebman-the-smoother\/","og_site_name":"MAKE YOUR ID","og_image":[{"width":429,"height":600,"url":"https:\/\/makeyourid.ee\/wp-content\/uploads\/2021\/03\/sebman-the-smoother.jpg","type":"image\/jpeg"}],"twitter_card":"summary_large_image","schema":{"@context":"https:\/\/schema.org","@graph":[{"@type":"WebPage","@id":"https:\/\/makeyourid.ee\/product\/sebman-the-smoother\/","url":"https:\/\/makeyourid.ee\/product\/sebman-the-smoother\/","name":"SEBMAN THE SMOOTHER","isPartOf":{"@id":"https:\/\/makeyourid.ee\/#website"},"primaryImageOfPage":{"@id":"https:\/\/makeyourid.ee\/product\/sebman-the-smoother\/#primaryimage"},"image":{"@id":"https:\/\/makeyourid.ee\/product\/sebman-the-smoother\/#primaryimage"},"thumbnailUrl":"https:\/\/makeyourid.ee\/wp-content\/uploads\/2021\/03\/sebman-the-smoother.jpg","datePublished":"2026-02-13T16:58:43+00:00","description":"Pois huuhdeltava hoitoaine miehille","breadcrumb":{"@id":"https:\/\/makeyourid.ee\/product\/sebman-the-smoother\/#breadcrumb"},"inLanguage":"fi","potentialAction":[{"@type":"ReadAction","target":["https:\/\/makeyourid.ee\/product\/sebman-the-smoother\/"]}]},{"@type":"ImageObject","inLanguage":"fi","@id":"https:\/\/makeyourid.ee\/product\/sebman-the-smoother\/#primaryimage","url":"https:\/\/makeyourid.ee\/wp-content\/uploads\/2021\/03\/sebman-the-smoother.jpg","contentUrl":"https:\/\/makeyourid.ee\/wp-content\/uploads\/2021\/03\/sebman-the-smoother.jpg","width":429,"height":600},{"@type":"BreadcrumbList","@id":"https:\/\/makeyourid.ee\/product\/sebman-the-smoother\/#breadcrumb","itemListElement":[{"@type":"ListItem","position":1,"name":"Home","item":"https:\/\/makeyourid.ee\/"},{"@type":"ListItem","position":2,"name":"E-POOD","item":"https:\/\/makeyourid.ee\/fi\/e-pood\/"},{"@type":"ListItem","position":3,"name":"SEBMAN THE SMOOTHER"}]},{"@type":"WebSite","@id":"https:\/\/makeyourid.ee\/#website","url":"https:\/\/makeyourid.ee\/","name":"MAKE YOUR ID","description":"Beauty salon, Hairdresser, Barber, Nail art","potentialAction":[{"@type":"SearchAction","target":{"@type":"EntryPoint","urlTemplate":"https:\/\/makeyourid.ee\/?s={search_term_string}"},"query-input":{"@type":"PropertyValueSpecification","valueRequired":true,"valueName":"search_term_string"}}],"inLanguage":"fi"}]}},"_links":{"self":[{"href":"https:\/\/makeyourid.ee\/fi\/wp-json\/wp\/v2\/product\/16582","targetHints":{"allow":["GET"]}}],"collection":[{"href":"https:\/\/makeyourid.ee\/fi\/wp-json\/wp\/v2\/product"}],"about":[{"href":"https:\/\/makeyourid.ee\/fi\/wp-json\/wp\/v2\/types\/product"}],"replies":[{"embeddable":true,"href":"https:\/\/makeyourid.ee\/fi\/wp-json\/wp\/v2\/comments?post=16582"}],"wp:featuredmedia":[{"embeddable":true,"href":"https:\/\/makeyourid.ee\/fi\/wp-json\/wp\/v2\/media\/16583"}],"wp:attachment":[{"href":"https:\/\/makeyourid.ee\/fi\/wp-json\/wp\/v2\/media?parent=16582"}],"wp:term":[{"taxonomy":"product_brand","embeddable":true,"href":"https:\/\/makeyourid.ee\/fi\/wp-json\/wp\/v2\/product_brand?post=16582"},{"taxonomy":"product_cat","embeddable":true,"href":"https:\/\/makeyourid.ee\/fi\/wp-json\/wp\/v2\/product_cat?post=16582"},{"taxonomy":"product_tag","embeddable":true,"href":"https:\/\/makeyourid.ee\/fi\/wp-json\/wp\/v2\/product_tag?post=16582"}],"curies":[{"name":"wp","href":"https:\/\/api.w.org\/{rel}","templated":true}]}}