{"id":16271,"date":"2021-01-12T16:39:15","date_gmt":"2021-01-12T16:39:15","guid":{"rendered":"https:\/\/makeyourid.ee\/product\/wella-invigo-brilliance-vibrant-color-conditioner-fine-normal\/"},"modified":"2026-02-11T08:20:29","modified_gmt":"2026-02-11T10:20:29","slug":"wella-invigo-brilliance-vibrant-color-conditioner-fine-normal","status":"publish","type":"product","link":"https:\/\/makeyourid.ee\/fi\/tuote\/wella-invigo-brilliance-vibrant-color-conditioner-fine-normal\/","title":{"rendered":"WELLA INVIGO BRILLIANCE VIBRANT COLOR CONDITIONER FINE\/NORMAL"},"content":{"rendered":"<div class=\"intro_prod\">\n<p>Invigo Color Brilliance palsam lukustab v\u00e4rvi, kaitstes \u00f5hukeste kuni keskmise paksusega juuste v\u00e4rvi ja muutes nende tooni erksamaks.<\/p>\n<p>Koostis: Aqua\/Water\/Eau, Cetyl Alcohol, Stearamidopropyl Dimethylamine, Stearyl Alcohol, Distearyldimonium Chloride, Parfum\/Fragrance, Phenoxyethanol, Hydroxyethylcellulose, Glyceryl Stearate, Oleyl Alcohol, Methylparaben, Tocopheryl Acetate, PEG-2M, Polysorbate 60, Propylparaben, Propylene Glycol, Quaternium-80, Citric Acid, Limonene, EDTA, Glycerin, Linalool, Hexyl Cinnamal, Histidine, Silica, Microcitrus Australasica Fruit Extract, BHT.<\/p>\n<\/div>\n","protected":false},"excerpt":{"rendered":"<p><i>Palsam v\u00e4rvitud juustele 200 ml<\/i><\/p>\n","protected":false},"featured_media":16393,"comment_status":"open","ping_status":"closed","template":"","meta":{"_acf_changed":false,"om_disable_all_campaigns":false,"inline_featured_image":false,"_monsterinsights_skip_tracking":false,"_monsterinsights_sitenote_active":false,"_monsterinsights_sitenote_note":"","_monsterinsights_sitenote_category":0},"product_brand":[],"product_cat":[220],"product_tag":[],"class_list":{"0":"post-16271","1":"product","2":"type-product","3":"status-publish","4":"has-post-thumbnail","6":"product_cat-conditioner-fi","8":"first","9":"instock","10":"shipping-taxable","11":"purchasable","12":"product-type-simple"},"acf":[],"yoast_head":"<!-- This site is optimized with the Yoast SEO plugin v27.2 - https:\/\/yoast.com\/product\/yoast-seo-wordpress\/ -->\n<title>WELLA INVIGO BRILLIANCE VIBRANT COLOR CONDITIONER FINE\/NORMAL<\/title>\n<meta name=\"description\" content=\"WELLA INVIGO BRILLIANCE VIBRANT COLOR CONDITIONER FINE\/NORMAL\" \/>\n<meta name=\"robots\" content=\"index, follow, max-snippet:-1, max-image-preview:large, max-video-preview:-1\" \/>\n<meta property=\"og:locale\" content=\"fi_FI\" \/>\n<meta property=\"og:type\" content=\"article\" \/>\n<meta property=\"og:title\" content=\"WELLA INVIGO BRILLIANCE VIBRANT COLOR CONDITIONER FINE\/NORMAL\" \/>\n<meta property=\"og:description\" content=\"WELLA INVIGO BRILLIANCE VIBRANT COLOR CONDITIONER FINE\/NORMAL\" \/>\n<meta property=\"og:url\" content=\"https:\/\/makeyourid.ee\/product\/wella-invigo-brilliance-vibrant-color-conditioner-fine-normal\/\" \/>\n<meta property=\"og:site_name\" content=\"MAKE YOUR ID\" \/>\n<meta property=\"article:modified_time\" content=\"2026-02-11T10:20:29+00:00\" \/>\n<meta property=\"og:image\" content=\"https:\/\/makeyourid.ee\/wp-content\/uploads\/2021\/01\/jpg_highres-wella-professionals_emea-care-relaunch_invigo_color-brilliance_conditioner_fine_200ml_packshot_with-shadow_2023_psd.jpg\" \/>\n\t<meta property=\"og:image:width\" content=\"430\" \/>\n\t<meta property=\"og:image:height\" content=\"600\" \/>\n\t<meta property=\"og:image:type\" content=\"image\/jpeg\" \/>\n<meta name=\"twitter:card\" content=\"summary_large_image\" \/>\n<meta name=\"twitter:label1\" content=\"Arvioitu lukuaika\" \/>\n\t<meta name=\"twitter:data1\" content=\"1 minuutti\" \/>\n<script type=\"application\/ld+json\" class=\"yoast-schema-graph\">{\"@context\":\"https:\/\/schema.org\",\"@graph\":[{\"@type\":\"WebPage\",\"@id\":\"https:\/\/makeyourid.ee\/product\/wella-invigo-brilliance-vibrant-color-conditioner-fine-normal\/\",\"url\":\"https:\/\/makeyourid.ee\/product\/wella-invigo-brilliance-vibrant-color-conditioner-fine-normal\/\",\"name\":\"WELLA INVIGO BRILLIANCE VIBRANT COLOR CONDITIONER FINE\/NORMAL\",\"isPartOf\":{\"@id\":\"https:\/\/makeyourid.ee\/#website\"},\"primaryImageOfPage\":{\"@id\":\"https:\/\/makeyourid.ee\/product\/wella-invigo-brilliance-vibrant-color-conditioner-fine-normal\/#primaryimage\"},\"image\":{\"@id\":\"https:\/\/makeyourid.ee\/product\/wella-invigo-brilliance-vibrant-color-conditioner-fine-normal\/#primaryimage\"},\"thumbnailUrl\":\"https:\/\/makeyourid.ee\/wp-content\/uploads\/2021\/01\/jpg_highres-wella-professionals_emea-care-relaunch_invigo_color-brilliance_conditioner_fine_200ml_packshot_with-shadow_2023_psd.jpg\",\"datePublished\":\"2021-01-12T16:39:15+00:00\",\"dateModified\":\"2026-02-11T10:20:29+00:00\",\"description\":\"WELLA INVIGO BRILLIANCE VIBRANT COLOR CONDITIONER FINE\/NORMAL\",\"breadcrumb\":{\"@id\":\"https:\/\/makeyourid.ee\/product\/wella-invigo-brilliance-vibrant-color-conditioner-fine-normal\/#breadcrumb\"},\"inLanguage\":\"fi\",\"potentialAction\":[{\"@type\":\"ReadAction\",\"target\":[\"https:\/\/makeyourid.ee\/product\/wella-invigo-brilliance-vibrant-color-conditioner-fine-normal\/\"]}]},{\"@type\":\"ImageObject\",\"inLanguage\":\"fi\",\"@id\":\"https:\/\/makeyourid.ee\/product\/wella-invigo-brilliance-vibrant-color-conditioner-fine-normal\/#primaryimage\",\"url\":\"https:\/\/makeyourid.ee\/wp-content\/uploads\/2021\/01\/jpg_highres-wella-professionals_emea-care-relaunch_invigo_color-brilliance_conditioner_fine_200ml_packshot_with-shadow_2023_psd.jpg\",\"contentUrl\":\"https:\/\/makeyourid.ee\/wp-content\/uploads\/2021\/01\/jpg_highres-wella-professionals_emea-care-relaunch_invigo_color-brilliance_conditioner_fine_200ml_packshot_with-shadow_2023_psd.jpg\",\"width\":430,\"height\":600},{\"@type\":\"BreadcrumbList\",\"@id\":\"https:\/\/makeyourid.ee\/product\/wella-invigo-brilliance-vibrant-color-conditioner-fine-normal\/#breadcrumb\",\"itemListElement\":[{\"@type\":\"ListItem\",\"position\":1,\"name\":\"Home\",\"item\":\"https:\/\/makeyourid.ee\/\"},{\"@type\":\"ListItem\",\"position\":2,\"name\":\"E-POOD\",\"item\":\"https:\/\/makeyourid.ee\/fi\/e-pood\/\"},{\"@type\":\"ListItem\",\"position\":3,\"name\":\"WELLA INVIGO BRILLIANCE VIBRANT COLOR CONDITIONER FINE\/NORMAL\"}]},{\"@type\":\"WebSite\",\"@id\":\"https:\/\/makeyourid.ee\/#website\",\"url\":\"https:\/\/makeyourid.ee\/\",\"name\":\"MAKE YOUR ID\",\"description\":\"Beauty salon, Hairdresser, Barber, Nail art\",\"potentialAction\":[{\"@type\":\"SearchAction\",\"target\":{\"@type\":\"EntryPoint\",\"urlTemplate\":\"https:\/\/makeyourid.ee\/?s={search_term_string}\"},\"query-input\":{\"@type\":\"PropertyValueSpecification\",\"valueRequired\":true,\"valueName\":\"search_term_string\"}}],\"inLanguage\":\"fi\"}]}<\/script>\n<!-- \/ Yoast SEO plugin. -->","yoast_head_json":{"title":"WELLA INVIGO BRILLIANCE VIBRANT COLOR CONDITIONER FINE\/NORMAL","description":"WELLA INVIGO BRILLIANCE VIBRANT COLOR CONDITIONER FINE\/NORMAL","robots":{"index":"index","follow":"follow","max-snippet":"max-snippet:-1","max-image-preview":"max-image-preview:large","max-video-preview":"max-video-preview:-1"},"og_locale":"fi_FI","og_type":"article","og_title":"WELLA INVIGO BRILLIANCE VIBRANT COLOR CONDITIONER FINE\/NORMAL","og_description":"WELLA INVIGO BRILLIANCE VIBRANT COLOR CONDITIONER FINE\/NORMAL","og_url":"https:\/\/makeyourid.ee\/product\/wella-invigo-brilliance-vibrant-color-conditioner-fine-normal\/","og_site_name":"MAKE YOUR ID","article_modified_time":"2026-02-11T10:20:29+00:00","og_image":[{"width":430,"height":600,"url":"https:\/\/makeyourid.ee\/wp-content\/uploads\/2021\/01\/jpg_highres-wella-professionals_emea-care-relaunch_invigo_color-brilliance_conditioner_fine_200ml_packshot_with-shadow_2023_psd.jpg","type":"image\/jpeg"}],"twitter_card":"summary_large_image","twitter_misc":{"Arvioitu lukuaika":"1 minuutti"},"schema":{"@context":"https:\/\/schema.org","@graph":[{"@type":"WebPage","@id":"https:\/\/makeyourid.ee\/product\/wella-invigo-brilliance-vibrant-color-conditioner-fine-normal\/","url":"https:\/\/makeyourid.ee\/product\/wella-invigo-brilliance-vibrant-color-conditioner-fine-normal\/","name":"WELLA INVIGO BRILLIANCE VIBRANT COLOR CONDITIONER FINE\/NORMAL","isPartOf":{"@id":"https:\/\/makeyourid.ee\/#website"},"primaryImageOfPage":{"@id":"https:\/\/makeyourid.ee\/product\/wella-invigo-brilliance-vibrant-color-conditioner-fine-normal\/#primaryimage"},"image":{"@id":"https:\/\/makeyourid.ee\/product\/wella-invigo-brilliance-vibrant-color-conditioner-fine-normal\/#primaryimage"},"thumbnailUrl":"https:\/\/makeyourid.ee\/wp-content\/uploads\/2021\/01\/jpg_highres-wella-professionals_emea-care-relaunch_invigo_color-brilliance_conditioner_fine_200ml_packshot_with-shadow_2023_psd.jpg","datePublished":"2021-01-12T16:39:15+00:00","dateModified":"2026-02-11T10:20:29+00:00","description":"WELLA INVIGO BRILLIANCE VIBRANT COLOR CONDITIONER FINE\/NORMAL","breadcrumb":{"@id":"https:\/\/makeyourid.ee\/product\/wella-invigo-brilliance-vibrant-color-conditioner-fine-normal\/#breadcrumb"},"inLanguage":"fi","potentialAction":[{"@type":"ReadAction","target":["https:\/\/makeyourid.ee\/product\/wella-invigo-brilliance-vibrant-color-conditioner-fine-normal\/"]}]},{"@type":"ImageObject","inLanguage":"fi","@id":"https:\/\/makeyourid.ee\/product\/wella-invigo-brilliance-vibrant-color-conditioner-fine-normal\/#primaryimage","url":"https:\/\/makeyourid.ee\/wp-content\/uploads\/2021\/01\/jpg_highres-wella-professionals_emea-care-relaunch_invigo_color-brilliance_conditioner_fine_200ml_packshot_with-shadow_2023_psd.jpg","contentUrl":"https:\/\/makeyourid.ee\/wp-content\/uploads\/2021\/01\/jpg_highres-wella-professionals_emea-care-relaunch_invigo_color-brilliance_conditioner_fine_200ml_packshot_with-shadow_2023_psd.jpg","width":430,"height":600},{"@type":"BreadcrumbList","@id":"https:\/\/makeyourid.ee\/product\/wella-invigo-brilliance-vibrant-color-conditioner-fine-normal\/#breadcrumb","itemListElement":[{"@type":"ListItem","position":1,"name":"Home","item":"https:\/\/makeyourid.ee\/"},{"@type":"ListItem","position":2,"name":"E-POOD","item":"https:\/\/makeyourid.ee\/fi\/e-pood\/"},{"@type":"ListItem","position":3,"name":"WELLA INVIGO BRILLIANCE VIBRANT COLOR CONDITIONER FINE\/NORMAL"}]},{"@type":"WebSite","@id":"https:\/\/makeyourid.ee\/#website","url":"https:\/\/makeyourid.ee\/","name":"MAKE YOUR ID","description":"Beauty salon, Hairdresser, Barber, Nail art","potentialAction":[{"@type":"SearchAction","target":{"@type":"EntryPoint","urlTemplate":"https:\/\/makeyourid.ee\/?s={search_term_string}"},"query-input":{"@type":"PropertyValueSpecification","valueRequired":true,"valueName":"search_term_string"}}],"inLanguage":"fi"}]}},"_links":{"self":[{"href":"https:\/\/makeyourid.ee\/fi\/wp-json\/wp\/v2\/product\/16271","targetHints":{"allow":["GET"]}}],"collection":[{"href":"https:\/\/makeyourid.ee\/fi\/wp-json\/wp\/v2\/product"}],"about":[{"href":"https:\/\/makeyourid.ee\/fi\/wp-json\/wp\/v2\/types\/product"}],"replies":[{"embeddable":true,"href":"https:\/\/makeyourid.ee\/fi\/wp-json\/wp\/v2\/comments?post=16271"}],"wp:featuredmedia":[{"embeddable":true,"href":"https:\/\/makeyourid.ee\/fi\/wp-json\/wp\/v2\/media\/16393"}],"wp:attachment":[{"href":"https:\/\/makeyourid.ee\/fi\/wp-json\/wp\/v2\/media?parent=16271"}],"wp:term":[{"taxonomy":"product_brand","embeddable":true,"href":"https:\/\/makeyourid.ee\/fi\/wp-json\/wp\/v2\/product_brand?post=16271"},{"taxonomy":"product_cat","embeddable":true,"href":"https:\/\/makeyourid.ee\/fi\/wp-json\/wp\/v2\/product_cat?post=16271"},{"taxonomy":"product_tag","embeddable":true,"href":"https:\/\/makeyourid.ee\/fi\/wp-json\/wp\/v2\/product_tag?post=16271"}],"curies":[{"name":"wp","href":"https:\/\/api.w.org\/{rel}","templated":true}]}}