{"id":16266,"date":"2021-01-11T14:12:13","date_gmt":"2021-01-11T14:12:13","guid":{"rendered":"https:\/\/makeyourid.ee\/product\/wella-elements-conditioning-leave-in-spray\/"},"modified":"2026-02-11T11:16:33","modified_gmt":"2026-02-11T13:16:33","slug":"wella-elements-conditioning-leave-in-spray","status":"publish","type":"product","link":"https:\/\/makeyourid.ee\/fi\/tuote\/wella-elements-conditioning-leave-in-spray\/","title":{"rendered":"WELLA ELEMENTS CONDITIONING LEAVE-IN SPRAY"},"content":{"rendered":"<p>Elementsi Renewing uuendav p\u00e4hej\u00e4etav juuksesprei (99% looduslikku p\u00e4ritolu koostisaineid) on taastav hooldustoode, mis muudab juuksed siledaks ja s\u00e4ravaks. Sprei parandab juuste kammitavust ja kaitseb neid kr\u00e4su ja murdumise eest. Sisaldab looduslikku p\u00e4ritolu koostisaineid ja on t\u00e4nu sellele juuste vastu \u00f5rn. Toodet on rikastatud hariliku aaloe ja E-vitamiiniga, mis kaitsevad juukseid vabadest radikaalidest p\u00f5hjustatud stressi ja kahjustuste eest, ning oliiviessentsiga, mis muudab juuksed siledaks ja s\u00e4ravaks. Ideaalne valik tundlikule nahale ja peanahale.<\/p>\n<p>Kandke p\u00e4rast pesemist niisketele juustele, kattes need \u00fchtlaselt. \u00c4rge loputage. Maksimaalseks toimeks kuivatage f\u00f6\u00f6niga. Parimaks tulemuseks kasutage koos Elementsi uuendava \u0161ampooni ja palsamiga.<br \/>\nHOIATUS: \u00e4rge pihustage silma. Hoidke lastele k\u00e4ttesaamatus kohas.<\/p>\n<p>Koostis: Aqua\/Water\/Eau, Alcohol Denat., Cetyl Alcohol, Hydrogenated Ethylhexyl Olivate, Cetrimonium Chloride, Parfum\/Fragrance, Tocopheryl Acetate, Hydrogenated Olive Oil Unsaponifiables, Citric Acid, Aloe Barbadensis Leaf Juice, Potassium Sorbate, Sodium Benzoate, Sodium Sulfite.<\/p>\n","protected":false},"excerpt":{"rendered":"<p><i>Taastav spreipalsam 150 ml<\/i><\/p>\n","protected":false},"featured_media":16488,"comment_status":"open","ping_status":"closed","template":"","meta":{"_acf_changed":false,"om_disable_all_campaigns":false,"inline_featured_image":false,"_monsterinsights_skip_tracking":false,"_monsterinsights_sitenote_active":false,"_monsterinsights_sitenote_note":"","_monsterinsights_sitenote_category":0},"product_brand":[],"product_cat":[220],"product_tag":[],"class_list":{"0":"post-16266","1":"product","2":"type-product","3":"status-publish","4":"has-post-thumbnail","6":"product_cat-conditioner-fi","8":"first","9":"instock","10":"shipping-taxable","11":"purchasable","12":"product-type-simple"},"acf":[],"yoast_head":"<!-- This site is optimized with the Yoast SEO plugin v27.2 - https:\/\/yoast.com\/product\/yoast-seo-wordpress\/ -->\n<title>WELLA ELEMENTS CONDITIONING LEAVE-IN SPRAY<\/title>\n<meta name=\"description\" content=\"WELLA ELEMENTS CONDITIONING LEAVE-IN SPRAY\" \/>\n<meta name=\"robots\" content=\"index, follow, max-snippet:-1, max-image-preview:large, max-video-preview:-1\" \/>\n<meta property=\"og:locale\" content=\"fi_FI\" \/>\n<meta property=\"og:type\" content=\"article\" \/>\n<meta property=\"og:title\" content=\"WELLA ELEMENTS CONDITIONING LEAVE-IN SPRAY\" \/>\n<meta property=\"og:description\" content=\"WELLA ELEMENTS CONDITIONING LEAVE-IN SPRAY\" \/>\n<meta property=\"og:url\" content=\"https:\/\/makeyourid.ee\/product\/wella-elements-conditioning-leave-in-spray\/\" \/>\n<meta property=\"og:site_name\" content=\"MAKE YOUR ID\" \/>\n<meta property=\"article:modified_time\" content=\"2026-02-11T13:16:33+00:00\" \/>\n<meta property=\"og:image\" content=\"https:\/\/makeyourid.ee\/wp-content\/uploads\/2021\/01\/jpg_highres-wella-professionals_emea-care-relaunch_elements_renewing_spray_150ml_packshot_with-shadow_2023_psd.jpg\" \/>\n\t<meta property=\"og:image:width\" content=\"430\" \/>\n\t<meta property=\"og:image:height\" content=\"600\" \/>\n\t<meta property=\"og:image:type\" content=\"image\/jpeg\" \/>\n<meta name=\"twitter:card\" content=\"summary_large_image\" \/>\n<meta name=\"twitter:label1\" content=\"Arvioitu lukuaika\" \/>\n\t<meta name=\"twitter:data1\" content=\"1 minuutti\" \/>\n<script type=\"application\/ld+json\" class=\"yoast-schema-graph\">{\"@context\":\"https:\/\/schema.org\",\"@graph\":[{\"@type\":\"WebPage\",\"@id\":\"https:\/\/makeyourid.ee\/product\/wella-elements-conditioning-leave-in-spray\/\",\"url\":\"https:\/\/makeyourid.ee\/product\/wella-elements-conditioning-leave-in-spray\/\",\"name\":\"WELLA ELEMENTS CONDITIONING LEAVE-IN SPRAY\",\"isPartOf\":{\"@id\":\"https:\/\/makeyourid.ee\/#website\"},\"primaryImageOfPage\":{\"@id\":\"https:\/\/makeyourid.ee\/product\/wella-elements-conditioning-leave-in-spray\/#primaryimage\"},\"image\":{\"@id\":\"https:\/\/makeyourid.ee\/product\/wella-elements-conditioning-leave-in-spray\/#primaryimage\"},\"thumbnailUrl\":\"https:\/\/makeyourid.ee\/wp-content\/uploads\/2021\/01\/jpg_highres-wella-professionals_emea-care-relaunch_elements_renewing_spray_150ml_packshot_with-shadow_2023_psd.jpg\",\"datePublished\":\"2021-01-11T14:12:13+00:00\",\"dateModified\":\"2026-02-11T13:16:33+00:00\",\"description\":\"WELLA ELEMENTS CONDITIONING LEAVE-IN SPRAY\",\"breadcrumb\":{\"@id\":\"https:\/\/makeyourid.ee\/product\/wella-elements-conditioning-leave-in-spray\/#breadcrumb\"},\"inLanguage\":\"fi\",\"potentialAction\":[{\"@type\":\"ReadAction\",\"target\":[\"https:\/\/makeyourid.ee\/product\/wella-elements-conditioning-leave-in-spray\/\"]}]},{\"@type\":\"ImageObject\",\"inLanguage\":\"fi\",\"@id\":\"https:\/\/makeyourid.ee\/product\/wella-elements-conditioning-leave-in-spray\/#primaryimage\",\"url\":\"https:\/\/makeyourid.ee\/wp-content\/uploads\/2021\/01\/jpg_highres-wella-professionals_emea-care-relaunch_elements_renewing_spray_150ml_packshot_with-shadow_2023_psd.jpg\",\"contentUrl\":\"https:\/\/makeyourid.ee\/wp-content\/uploads\/2021\/01\/jpg_highres-wella-professionals_emea-care-relaunch_elements_renewing_spray_150ml_packshot_with-shadow_2023_psd.jpg\",\"width\":430,\"height\":600},{\"@type\":\"BreadcrumbList\",\"@id\":\"https:\/\/makeyourid.ee\/product\/wella-elements-conditioning-leave-in-spray\/#breadcrumb\",\"itemListElement\":[{\"@type\":\"ListItem\",\"position\":1,\"name\":\"Home\",\"item\":\"https:\/\/makeyourid.ee\/\"},{\"@type\":\"ListItem\",\"position\":2,\"name\":\"E-POOD\",\"item\":\"https:\/\/makeyourid.ee\/fi\/e-pood\/\"},{\"@type\":\"ListItem\",\"position\":3,\"name\":\"WELLA ELEMENTS CONDITIONING LEAVE-IN SPRAY\"}]},{\"@type\":\"WebSite\",\"@id\":\"https:\/\/makeyourid.ee\/#website\",\"url\":\"https:\/\/makeyourid.ee\/\",\"name\":\"MAKE YOUR ID\",\"description\":\"Beauty salon, Hairdresser, Barber, Nail art\",\"potentialAction\":[{\"@type\":\"SearchAction\",\"target\":{\"@type\":\"EntryPoint\",\"urlTemplate\":\"https:\/\/makeyourid.ee\/?s={search_term_string}\"},\"query-input\":{\"@type\":\"PropertyValueSpecification\",\"valueRequired\":true,\"valueName\":\"search_term_string\"}}],\"inLanguage\":\"fi\"}]}<\/script>\n<!-- \/ Yoast SEO plugin. -->","yoast_head_json":{"title":"WELLA ELEMENTS CONDITIONING LEAVE-IN SPRAY","description":"WELLA ELEMENTS CONDITIONING LEAVE-IN SPRAY","robots":{"index":"index","follow":"follow","max-snippet":"max-snippet:-1","max-image-preview":"max-image-preview:large","max-video-preview":"max-video-preview:-1"},"og_locale":"fi_FI","og_type":"article","og_title":"WELLA ELEMENTS CONDITIONING LEAVE-IN SPRAY","og_description":"WELLA ELEMENTS CONDITIONING LEAVE-IN SPRAY","og_url":"https:\/\/makeyourid.ee\/product\/wella-elements-conditioning-leave-in-spray\/","og_site_name":"MAKE YOUR ID","article_modified_time":"2026-02-11T13:16:33+00:00","og_image":[{"width":430,"height":600,"url":"https:\/\/makeyourid.ee\/wp-content\/uploads\/2021\/01\/jpg_highres-wella-professionals_emea-care-relaunch_elements_renewing_spray_150ml_packshot_with-shadow_2023_psd.jpg","type":"image\/jpeg"}],"twitter_card":"summary_large_image","twitter_misc":{"Arvioitu lukuaika":"1 minuutti"},"schema":{"@context":"https:\/\/schema.org","@graph":[{"@type":"WebPage","@id":"https:\/\/makeyourid.ee\/product\/wella-elements-conditioning-leave-in-spray\/","url":"https:\/\/makeyourid.ee\/product\/wella-elements-conditioning-leave-in-spray\/","name":"WELLA ELEMENTS CONDITIONING LEAVE-IN SPRAY","isPartOf":{"@id":"https:\/\/makeyourid.ee\/#website"},"primaryImageOfPage":{"@id":"https:\/\/makeyourid.ee\/product\/wella-elements-conditioning-leave-in-spray\/#primaryimage"},"image":{"@id":"https:\/\/makeyourid.ee\/product\/wella-elements-conditioning-leave-in-spray\/#primaryimage"},"thumbnailUrl":"https:\/\/makeyourid.ee\/wp-content\/uploads\/2021\/01\/jpg_highres-wella-professionals_emea-care-relaunch_elements_renewing_spray_150ml_packshot_with-shadow_2023_psd.jpg","datePublished":"2021-01-11T14:12:13+00:00","dateModified":"2026-02-11T13:16:33+00:00","description":"WELLA ELEMENTS CONDITIONING LEAVE-IN SPRAY","breadcrumb":{"@id":"https:\/\/makeyourid.ee\/product\/wella-elements-conditioning-leave-in-spray\/#breadcrumb"},"inLanguage":"fi","potentialAction":[{"@type":"ReadAction","target":["https:\/\/makeyourid.ee\/product\/wella-elements-conditioning-leave-in-spray\/"]}]},{"@type":"ImageObject","inLanguage":"fi","@id":"https:\/\/makeyourid.ee\/product\/wella-elements-conditioning-leave-in-spray\/#primaryimage","url":"https:\/\/makeyourid.ee\/wp-content\/uploads\/2021\/01\/jpg_highres-wella-professionals_emea-care-relaunch_elements_renewing_spray_150ml_packshot_with-shadow_2023_psd.jpg","contentUrl":"https:\/\/makeyourid.ee\/wp-content\/uploads\/2021\/01\/jpg_highres-wella-professionals_emea-care-relaunch_elements_renewing_spray_150ml_packshot_with-shadow_2023_psd.jpg","width":430,"height":600},{"@type":"BreadcrumbList","@id":"https:\/\/makeyourid.ee\/product\/wella-elements-conditioning-leave-in-spray\/#breadcrumb","itemListElement":[{"@type":"ListItem","position":1,"name":"Home","item":"https:\/\/makeyourid.ee\/"},{"@type":"ListItem","position":2,"name":"E-POOD","item":"https:\/\/makeyourid.ee\/fi\/e-pood\/"},{"@type":"ListItem","position":3,"name":"WELLA ELEMENTS CONDITIONING LEAVE-IN SPRAY"}]},{"@type":"WebSite","@id":"https:\/\/makeyourid.ee\/#website","url":"https:\/\/makeyourid.ee\/","name":"MAKE YOUR ID","description":"Beauty salon, Hairdresser, Barber, Nail art","potentialAction":[{"@type":"SearchAction","target":{"@type":"EntryPoint","urlTemplate":"https:\/\/makeyourid.ee\/?s={search_term_string}"},"query-input":{"@type":"PropertyValueSpecification","valueRequired":true,"valueName":"search_term_string"}}],"inLanguage":"fi"}]}},"_links":{"self":[{"href":"https:\/\/makeyourid.ee\/fi\/wp-json\/wp\/v2\/product\/16266","targetHints":{"allow":["GET"]}}],"collection":[{"href":"https:\/\/makeyourid.ee\/fi\/wp-json\/wp\/v2\/product"}],"about":[{"href":"https:\/\/makeyourid.ee\/fi\/wp-json\/wp\/v2\/types\/product"}],"replies":[{"embeddable":true,"href":"https:\/\/makeyourid.ee\/fi\/wp-json\/wp\/v2\/comments?post=16266"}],"wp:featuredmedia":[{"embeddable":true,"href":"https:\/\/makeyourid.ee\/fi\/wp-json\/wp\/v2\/media\/16488"}],"wp:attachment":[{"href":"https:\/\/makeyourid.ee\/fi\/wp-json\/wp\/v2\/media?parent=16266"}],"wp:term":[{"taxonomy":"product_brand","embeddable":true,"href":"https:\/\/makeyourid.ee\/fi\/wp-json\/wp\/v2\/product_brand?post=16266"},{"taxonomy":"product_cat","embeddable":true,"href":"https:\/\/makeyourid.ee\/fi\/wp-json\/wp\/v2\/product_cat?post=16266"},{"taxonomy":"product_tag","embeddable":true,"href":"https:\/\/makeyourid.ee\/fi\/wp-json\/wp\/v2\/product_tag?post=16266"}],"curies":[{"name":"wp","href":"https:\/\/api.w.org\/{rel}","templated":true}]}}