{"id":14855,"date":"2025-12-16T12:58:54","date_gmt":"2025-12-16T14:58:54","guid":{"rendered":"https:\/\/makeyourid.ee\/prejskurant\/"},"modified":"2025-12-17T13:32:18","modified_gmt":"2025-12-17T15:32:18","slug":"prejskurant","status":"publish","type":"page","link":"https:\/\/makeyourid.ee\/fi\/prejskurant\/","title":{"rendered":"Hinnasto"},"content":{"rendered":"\t\t<div data-elementor-type=\"wp-page\" data-elementor-id=\"14855\" class=\"elementor elementor-14855 elementor-3397\">\n\t\t\t\t\t\t<section class=\"elementor-section elementor-top-section elementor-element elementor-element-5e00f067 elementor-section-boxed elementor-section-height-default elementor-section-height-default\" data-id=\"5e00f067\" data-element_type=\"section\" data-e-type=\"section\">\n\t\t\t\t\t\t<div class=\"elementor-container elementor-column-gap-default\">\n\t\t\t\t\t<div class=\"elementor-column elementor-col-100 elementor-top-column elementor-element elementor-element-14910fb\" data-id=\"14910fb\" data-element_type=\"column\" data-e-type=\"column\">\n\t\t\t<div class=\"elementor-widget-wrap elementor-element-populated\">\n\t\t\t\t\t\t<div class=\"elementor-element elementor-element-3f60619f elementor-widget__width-initial elementor-widget elementor-widget-text-editor\" data-id=\"3f60619f\" data-element_type=\"widget\" data-e-type=\"widget\" data-widget_type=\"text-editor.default\">\n\t\t\t\t<div class=\"elementor-widget-container\">\n\t\t\t\t\t\t\t\t\t<h2>Naiset-hinnasto<\/h2>\n<figure>\n<table>\n<tbody>\n<tr>\n<td><\/td>\n<td>Kampaaja<\/td>\n<td>Vanhempi kampaaja<\/td>\n<td>Top\u00a0 <span style=\"font-family: inherit; font-size: inherit;\">Stylist\u00a0\u00a0<\/span><\/td>\n<td>\u00a0Ekspertti<\/td>\n<td>Art Direktor<\/td>\n<\/tr>\n<tr>\n<td>\n<p data-pm-slice=\"1 1 []\">Uusi imago \u2013 hiustenleikkuu<\/p>\n<\/td>\n<td data-align=\"center\"><\/td>\n<td data-align=\"center\">57<\/td>\n<td data-align=\"center\">65<\/td>\n<td data-align=\"center\">75<\/td>\n<td data-align=\"center\">105<\/td>\n<\/tr>\n<tr>\n<td>\n<p data-pm-slice=\"1 1 []\">Hiustenleikkuu + hoito<\/p>\n<\/td>\n<td data-align=\"center\">50-58<\/td>\n<td data-align=\"center\">63-70<\/td>\n<td data-align=\"center\">70-76<\/td>\n<td data-align=\"center\">80-83<\/td>\n<td data-align=\"center\">105-110<\/td>\n<\/tr>\n<tr>\n<td>\n<p data-pm-slice=\"1 1 []\">Hiustenleikkaus<\/p>\n<\/td>\n<td data-align=\"center\">35<\/td>\n<td data-align=\"center\">45<\/td>\n<td data-align=\"center\">55<\/td>\n<td data-align=\"center\">65<\/td>\n<td data-align=\"center\">95<\/td>\n<\/tr>\n<tr>\n<td>F\u00f6\u00f6naus<\/td>\n<td data-align=\"center\">29<\/td>\n<td data-align=\"center\">35<\/td>\n<td data-align=\"center\">40<\/td>\n<td data-align=\"center\">45<\/td>\n<td data-align=\"center\">57<\/td>\n<\/tr>\n<tr>\n<td>\n<p data-pm-slice=\"1 1 []\">Kiharakampaus<\/p>\n<\/td>\n<td data-align=\"center\">35<\/td>\n<td data-align=\"center\">43<\/td>\n<td data-align=\"center\">45<\/td>\n<td data-align=\"center\">52<\/td>\n<td data-align=\"center\">63<\/td>\n<\/tr>\n<tr>\n<td>\n<p data-pm-slice=\"1 1 []\">Juhlakampaus<\/p>\n<\/td>\n<td data-align=\"center\">40<\/td>\n<td data-align=\"center\">50<\/td>\n<td data-align=\"center\">70<\/td>\n<td data-align=\"center\">70<\/td>\n<td data-align=\"center\">101<\/td>\n<\/tr>\n<tr>\n<td>\n<p data-pm-slice=\"1 1 []\">H\u00e4\u00e4kampaus<\/p>\n<\/td>\n<td data-align=\"center\"><\/td>\n<td data-align=\"center\">68<\/td>\n<td data-align=\"center\">76<\/td>\n<td data-align=\"center\">80<\/td>\n<td data-align=\"center\">125<\/td>\n<\/tr>\n<tr>\n<td>\n<p data-pm-slice=\"1 1 []\">Otsatukan muotoilu(ei sis\u00e4ll\u00e4 pesua tai f\u00f6\u00f6nausta)<\/p>\n<\/td>\n<td data-align=\"center\">13<\/td>\n<td data-align=\"center\">14<\/td>\n<td data-align=\"center\">17<\/td>\n<td data-align=\"center\"><\/td>\n<td data-align=\"center\"><\/td>\n<\/tr>\n<tr>\n<td>\n<p data-pm-slice=\"1 1 []\">Lasten hiustenleikkuu tyt\u00f6ille (5\u20138\u202fv.)<\/p>\n<\/td>\n<td data-align=\"center\">24<\/td>\n<td data-align=\"center\">29<\/td>\n<td data-align=\"center\">34<\/td>\n<td data-align=\"center\">40<\/td>\n<td data-align=\"center\"><\/td>\n<\/tr>\n<tr>\n<td>\n<p data-pm-slice=\"1 1 []\">Lasten kampaus alle 8\u2011vuotiaille<\/p>\n<\/td>\n<td data-align=\"center\">24<\/td>\n<td data-align=\"center\">32<\/td>\n<td data-align=\"center\">36<\/td>\n<td data-align=\"center\"><\/td>\n<td data-align=\"center\"><\/td>\n<\/tr>\n<\/tbody>\n<\/table>\n<\/figure>\n<p data-pm-slice=\"1 1 []\">Palvelut sis\u00e4lt\u00e4v\u00e4t hiusten pesun ja f\u00f6\u00f6nauksen!<\/p>\n\n<h2 data-pm-slice=\"1 1 []\">V\u00e4rj\u00e4ys, permanentti ja suoristus<\/h2>\n<table>\n<tbody>\n<tr>\n<td><\/td>\n<td>Kampaaja<\/td>\n<td>Vanhempi\nkampaaja<\/td>\n<td>Top Stylist<\/td>\n<td>Ekspertti<\/td>\n<td>Art Direktor<\/td>\n<\/tr>\n<tr>\n<td>\n<p data-pm-slice=\"1 1 []\">Hiusten v\u00e4rj\u00e4ys \u2013 palvelu sis\u00e4lt\u00e4\u00e4 f\u00f6\u00f6nauksen;<\/p>\nv\u00e4riaineen hinta lis\u00e4t\u00e4\u00e4n palvelun hintaan.<\/td>\n<td data-align=\"center\">45<\/td>\n<td data-align=\"center\">57<\/td>\n<td data-align=\"center\">68<\/td>\n<td data-align=\"center\">90<\/td>\n<td data-align=\"center\">100<\/td>\n<\/tr>\n<tr>\n<td>\n<p data-pm-slice=\"1 1 []\">Hiusten v\u00e4rj\u00e4ys + hiustenleikkaus<\/p>\n*kokonaispalvelu;\nv\u00e4riaineen hinta lis\u00e4t\u00e4\u00e4n palvelun hintaan<\/td>\n<td data-align=\"center\">57<\/td>\n<td data-align=\"center\">76<\/td>\n<td data-align=\"center\">86<\/td>\n<td data-align=\"center\">97<\/td>\n<td data-align=\"center\">130<\/td>\n<\/tr>\n<tr>\n<td>\n<p data-pm-slice=\"1 1 []\">Hiusten raidoitus<\/p>\n<p data-pm-slice=\"1 1 []\">*palvelu sis\u00e4lt\u00e4\u00e4 f\u00f6\u00f6nauksen;<\/p>\nv\u00e4riaineen hinta lis\u00e4t\u00e4\u00e4n palvelun hintaan.<\/td>\n<td data-align=\"center\">68<\/td>\n<td data-align=\"center\">81<\/td>\n<td data-align=\"center\">95<\/td>\n<td data-align=\"center\">110<\/td>\n<td data-align=\"center\">120<\/td>\n<\/tr>\n<tr>\n<td>\n<p data-pm-slice=\"1 1 []\">Hiusten raidoitus + hiustenleikkaus<\/p>\n<p data-pm-slice=\"1 1 []\">*kokonaispalvelu; v\u00e4riaineen hinta lis\u00e4t\u00e4\u00e4n\npalvelun hintaan*<\/p>\n<\/td>\n<td data-align=\"center\">97<\/td>\n<td data-align=\"center\">110<\/td>\n<td data-align=\"center\">130<\/td>\n<td data-align=\"center\">148<\/td>\n<td data-align=\"center\">170<\/td>\n<\/tr>\n<tr>\n<td>\n<p data-pm-slice=\"1 1 []\">AirTouch\u2011v\u00e4rj\u00e4ys<\/p>\n*ennakko\u2011konsultaatio mestarin kanssa on pakollinen;<\/p>\nv\u00e4riaineen hinta lis\u00e4t\u00e4\u00e4n palvelun hintaan<\/td>\n<td data-align=\"center\"><\/td>\n<td data-align=\"center\">170<\/td>\n<td data-align=\"center\">193<\/td>\n<td data-align=\"center\">227<\/td>\n<td data-align=\"center\">250<\/td>\n<\/tr>\n<tr>\n<td>\n<p data-pm-slice=\"1 1 []\">Balayage\u2011v\u00e4rj\u00e4ys<\/p>\n<p data-pm-slice=\"1 1 []\">*palvelu sis\u00e4lt\u00e4\u00e4 f\u00f6\u00f6nauksen;<\/p>\n<p data-pm-slice=\"1 1 []\">v\u00e4riaineen hinta lis\u00e4t\u00e4\u00e4n palvelun hintaan<\/p>\n<\/td>\n<td data-align=\"center\">90<\/td>\n<td data-align=\"center\">100<\/td>\n<td data-align=\"center\">115<\/td>\n<td data-align=\"center\">125<\/td>\n<td data-align=\"center\">143<\/td>\n<\/tr>\n<tr>\n<td>\n<div class=\"flex flex-col text-sm pb-25\"><article class=\"text-token-text-primary w-full focus:outline-none [--shadow-height:45px] has-data-writing-block:pointer-events-none has-data-writing-block:-mt-(--shadow-height) has-data-writing-block:pt-(--shadow-height) [&amp;:has([data-writing-block])&gt;*]:pointer-events-auto scroll-mt-[calc(var(--header-height)+min(200px,max(70px,20svh)))]\" dir=\"auto\" tabindex=\"-1\" data-turn-id=\"request-WEB:768fc4c0-cf58-4035-9cef-325193216bd9-15\" data-testid=\"conversation-turn-32\" data-scroll-anchor=\"true\" data-turn=\"assistant\">\n<div class=\"text-base my-auto mx-auto pb-10 [--thread-content-margin:--spacing(4)] @w-sm\/main:[--thread-content-margin:--spacing(6)] @w-lg\/main:[--thread-content-margin:--spacing(16)] px-(--thread-content-margin)\">\n<div class=\"[--thread-content-max-width:40rem] @w-lg\/main:[--thread-content-max-width:48rem] mx-auto max-w-(--thread-content-max-width) flex-1 group\/turn-messages focus-visible:outline-hidden relative flex w-full min-w-0 flex-col agent-turn\" tabindex=\"-1\">\n<div class=\"flex max-w-full flex-col grow\">\n<div class=\"min-h-8 text-message relative flex w-full flex-col items-end gap-2 text-start break-words whitespace-normal [.text-message+&amp;]:mt-1\" dir=\"auto\" data-message-author-role=\"assistant\" data-message-id=\"c799f62a-8608-4148-9451-b821b8ab94a9\" data-message-model-slug=\"gpt-5-2\">\n<div class=\"flex w-full flex-col gap-1 empty:hidden first:pt-[1px]\">\n<div class=\"markdown prose dark:prose-invert w-full break-words light markdown-new-styling\">\n<p data-start=\"0\" data-end=\"84\" data-is-last-node=\"\" data-is-only-node=\"\"><strong data-start=\"0\" data-end=\"23\" data-is-only-node=\"\">BALAYAGE + LEIKKAUS<\/strong><br data-start=\"23\" data-end=\"26\" \/>*kokonaispalvelu;<\/p>\n<p data-start=\"0\" data-end=\"84\" data-is-last-node=\"\" data-is-only-node=\"\">hintaan lis\u00e4t\u00e4\u00e4n v\u00e4riaineen kustannus<\/p>\n\n<\/div>\n<\/div>\n<\/div>\n<\/div>\n<\/div>\n<\/div>\n<\/article><\/div><\/td>\n<td data-align=\"center\">107<\/td>\n<td data-align=\"center\">125<\/td>\n<td data-align=\"center\">145<\/td>\n<td data-align=\"center\">155<\/td>\n<td data-align=\"center\">170<\/td>\n<\/tr>\n<tr>\n<td>SEBASTIAN Bio-laminointi<\/td>\n<td data-align=\"center\">46<\/td>\n<td data-align=\"center\">57<\/td>\n<td data-align=\"center\">63<\/td>\n<td data-align=\"center\">68<\/td>\n<td data-align=\"center\">80<\/td>\n<\/tr>\n<tr>\n<td>V\u00c4RIN POISTO \u2013 TUNTITY\u00d6<br data-start=\"27\" data-end=\"30\" \/>*palvelu ei sis\u00e4ll\u00e4 muotoilua;<br data-start=\"60\" data-end=\"63\" \/>hintaan lis\u00e4t\u00e4\u00e4n v\u00e4riaineen kustannus<\/td>\n<td data-align=\"center\">23<\/td>\n<td data-align=\"center\">29<\/td>\n<td data-align=\"center\">34<\/td>\n<td data-align=\"center\">36<\/td>\n<td data-align=\"center\">53<\/td>\n<\/tr>\n<tr>\n<td>KEMIALLINEN KIHARRUS<\/td>\n<td data-align=\"center\">68<\/td>\n<td data-align=\"center\">80<\/td>\n<td data-align=\"center\">91<\/td>\n<td data-align=\"center\">97<\/td>\n<td data-align=\"center\">102<\/td>\n<\/tr>\n<tr>\n<td>\n<div class=\"text-base my-auto mx-auto pb-10 [--thread-content-margin:--spacing(4)] @w-sm\/main:[--thread-content-margin:--spacing(6)] @w-lg\/main:[--thread-content-margin:--spacing(16)] px-(--thread-content-margin)\">\n<div class=\"[--thread-content-max-width:40rem] @w-lg\/main:[--thread-content-max-width:48rem] mx-auto max-w-(--thread-content-max-width) flex-1 group\/turn-messages focus-visible:outline-hidden relative flex w-full min-w-0 flex-col agent-turn\" tabindex=\"-1\">\n<div class=\"flex max-w-full flex-col grow\">\n<div class=\"min-h-8 text-message relative flex w-full flex-col items-end gap-2 text-start break-words whitespace-normal [.text-message+&amp;]:mt-1\" dir=\"auto\" data-message-author-role=\"assistant\" data-message-id=\"4940aafa-82fe-4393-b11c-267a312669aa\" data-message-model-slug=\"gpt-5-2\">\n<div class=\"flex w-full flex-col gap-1 empty:hidden first:pt-[1px]\">\n<div class=\"markdown prose dark:prose-invert w-full break-words light markdown-new-styling\">\n<p data-start=\"0\" data-end=\"40\" data-is-last-node=\"\" data-is-only-node=\"\">KEMIALLINEN SUORISTUS PITK\u00c4T HIUKSET<\/p>\n\n<\/div>\n<\/div>\n<\/div>\n<\/div>\n<\/div>\n<\/div><\/td>\n<td data-align=\"center\">113<\/td>\n<td data-align=\"center\">136<\/td>\n<td data-align=\"center\">150<\/td>\n<td data-align=\"center\">150<\/td>\n<td data-align=\"center\">170<\/td>\n<\/tr>\n<tr>\n<td>HIUSV\u00c4RI\nWELLA\/SEBASTIAN<\/p>\nkoleston perfect, color touch, illumina, blondor, magma<\/td>\n<td data-align=\"center\"><\/td>\n<td data-align=\"center\"><\/td>\n<td data-align=\"center\"><\/td>\n<td data-align=\"center\"><\/td>\n<td data-align=\"center\">1ML-0.60<\/td>\n<\/tr>\n<\/tbody>\n<\/table>\n<h2>MIEHILLE<\/h2>\n<figure>\n<table style=\"height: 578px;\" width=\"1093\">\n<tbody>\n<tr>\n<td><\/td>\n<td>Kampaaja<\/td>\n<td>Vanhempi kampaaja<\/td>\n<td>Top Stylist<\/td>\n<td>Ekspertti<\/td>\n<td>Art Direktor<\/td>\n<\/tr>\n<tr>\n<td>LEIKKAUS<\/td>\n<td data-align=\"center\">28<\/td>\n<td data-align=\"center\">36<\/td>\n<td data-align=\"center\">41<\/td>\n<td data-align=\"center\">46<\/td>\n<td data-align=\"center\">51<\/td>\n<\/tr>\n<tr>\n<td>LEIKKAUS+\nParran muotoilu<\/td>\n<td data-align=\"center\">33<\/td>\n<td data-align=\"center\">42<\/td>\n<td data-align=\"center\">46<\/td>\n<td data-align=\"center\">53<\/td>\n<td data-align=\"center\"><\/td>\n<\/tr>\n<tr>\n<td>LEIKKAUS+\nS\u00e4vytys ReShade<\/td>\n<td data-align=\"center\">39<\/td>\n<td data-align=\"center\">47<\/td>\n<td data-align=\"center\">52<\/td>\n<td data-align=\"center\">58<\/td>\n<td data-align=\"center\">63<\/td>\n<\/tr>\n<tr>\n<td>LEIKKAUS+\nV\u00e4rj\u00e4ys<\/td>\n<td data-align=\"center\">50<\/td>\n<td data-align=\"center\">62<\/td>\n<td data-align=\"center\">73<\/td>\n<td data-align=\"center\">84<\/td>\n<td data-align=\"center\"><\/td>\n<\/tr>\n<tr>\n<td>KONELEIKKAUS<\/td>\n<td data-align=\"center\">22<\/td>\n<td data-align=\"center\">28<\/td>\n<td data-align=\"center\">31<\/td>\n<td data-align=\"center\">35<\/td>\n<td data-align=\"center\"><\/td>\n<\/tr>\n<tr>\n<td>PARRAN JA VIUKSIEN MUOTOILU<\/td>\n<td data-align=\"center\">17<\/td>\n<td data-align=\"center\">24<\/td>\n<td data-align=\"center\">30<\/td>\n<td data-align=\"center\">32<\/td>\n<td data-align=\"center\"><\/td>\n<\/tr>\n<tr>\n<td>HIUSTEN PESU JA MUOTOILU<\/td>\n<td data-align=\"center\">13<\/td>\n<td data-align=\"center\">19<\/td>\n<td data-align=\"center\">22<\/td>\n<td data-align=\"center\"><\/td>\n<td data-align=\"center\"><\/td>\n<\/tr>\n<tr>\n<td>POIKIEN HIUSTENLEIKKAUS<br data-start=\"27\" data-end=\"30\" \/>5\u20138-VUOTIAILLE<\/td>\n<td data-align=\"center\">22<\/td>\n<td data-align=\"center\">29<\/td>\n<td data-align=\"center\">34<\/td>\n<td data-align=\"center\">38<\/td>\n<td data-align=\"center\"><\/td>\n<\/tr>\n<\/tbody>\n<\/table>\n<\/figure>\n<div class=\"text-base my-auto mx-auto pb-10 [--thread-content-margin:--spacing(4)] @w-sm\/main:[--thread-content-margin:--spacing(6)] @w-lg\/main:[--thread-content-margin:--spacing(16)] px-(--thread-content-margin)\">\n<div class=\"[--thread-content-max-width:40rem] @w-lg\/main:[--thread-content-max-width:48rem] mx-auto max-w-(--thread-content-max-width) flex-1 group\/turn-messages focus-visible:outline-hidden relative flex w-full min-w-0 flex-col agent-turn\" tabindex=\"-1\">\n<div class=\"flex max-w-full flex-col grow\">\n<div class=\"min-h-8 text-message relative flex w-full flex-col items-end gap-2 text-start break-words whitespace-normal [.text-message+&amp;]:mt-1\" dir=\"auto\" data-message-author-role=\"assistant\" data-message-id=\"b541cb4d-6c35-41ec-822a-a453519a8c69\" data-message-model-slug=\"gpt-5-2\">\n<div class=\"flex w-full flex-col gap-1 empty:hidden first:pt-[1px]\">\n<div class=\"markdown prose dark:prose-invert w-full break-words light markdown-new-styling\">\n<p data-start=\"0\" data-end=\"30\" data-is-last-node=\"\" data-is-only-node=\"\"><strong data-start=\"0\" data-end=\"30\" data-is-last-node=\"\" data-is-only-node=\"\">HIUSTEN HOITO JA K\u00c4SITTELY<\/strong><\/p>\n\n<\/div>\n<\/div>\n<\/div>\n<\/div>\n<\/div>\n<\/div>\n<figure>\n<table>\n<tbody>\n<tr>\n<td><\/td>\n<td data-align=\"center\">Hinta<\/td>\n<\/tr>\n<tr>\n<td>WELLA FUSION<\/td>\n<td data-align=\"center\">12<\/td>\n<\/tr>\n<tr>\n<td>SPD REBORN UUDISTUS 20 min<\/td>\n<td data-align=\"center\">23<\/td>\n<\/tr>\n<tr>\n<td>SPD V\u00c4RITERAPIA 10 min<\/td>\n<td data-align=\"center\">18<\/td>\n<\/tr>\n<tr>\n<td>SPD MOLEKULAARINEN REFILLING 15 min<\/td>\n<td data-align=\"center\">23<\/td>\n<\/tr>\n<tr>\n<td>SPD INTENSE AMPULLIHOITO 15 min<\/td>\n<td data-align=\"center\">23<\/td>\n<\/tr>\n<tr>\n<td>NIOXIN KUORINTA 25 min<\/td>\n<td data-align=\"center\">29<\/td>\n<\/tr>\n<\/tbody>\n<\/table>\n<\/figure>\n<h2>MEIKKAUS<\/h2>\n<figure>\n<table>\n<tbody>\n<tr>\n<td><\/td>\n<td data-align=\"center\">Hinta<\/td>\n<\/tr>\n<tr>\n<td>KULMIEN MUOTOILU<\/td>\n<td data-align=\"center\">18<\/td>\n<\/tr>\n<tr>\n<td>KULMIEN MUOTOILU + V\u00c4RJ\u00c4YS<\/td>\n<td data-align=\"center\">35<\/td>\n<\/tr>\n<tr>\n<td>KULMIEN V\u00c4RJ\u00c4YS<\/td>\n<td data-align=\"center\">18<\/td>\n<\/tr>\n<tr>\n<td>RIPSIEN V\u00c4RJ\u00c4YS<\/td>\n<td data-align=\"center\">18<\/td>\n<\/tr>\n<tr>\n<td>KULMIEN JA RIPSIEN V\u00c4RJ\u00c4YS<\/td>\n<td data-align=\"center\">29<\/td>\n<\/tr>\n<tr>\n<td>KULMIEN LAMINOINTI<\/td>\n<td data-align=\"center\">50<\/td>\n<\/tr>\n<tr>\n<td>RIPSIEN LAMINOINTI<\/td>\n<td data-align=\"center\">40<\/td>\n<\/tr>\n<tr>\n<td>KULMIEN JA RIPSIEN LAMINOINTI<\/td>\n<td data-align=\"center\">68<\/td>\n<\/tr>\n<tr>\n<td>MEIKKAUS<\/td>\n<td data-align=\"center\">65<\/td>\n<\/tr>\n<tr>\n<td>H\u00c4\u00c4MEIKKAUS<\/td>\n<td data-align=\"center\">85<\/td>\n<\/tr>\n<\/tbody>\n<\/table>\n<\/figure>\n<h2>MANIKYYRI<\/h2>\n<figure>\n<table>\n<tbody>\n<tr>\n<td><\/td>\n<td data-align=\"center\">Hinta<\/td>\n<\/tr>\n<tr>\n<td>MANIKYYRI LAKALLA 60 min<\/td>\n<td data-align=\"center\">35<\/td>\n<\/tr>\n<tr>\n<td>MANIKYYRI ILMAN LAKKAA 45 min<\/td>\n<td data-align=\"center\">30<\/td>\n<\/tr>\n<tr>\n<td>MANIKYYRI GEELILAKALLA 90 min<\/td>\n<td data-align=\"center\">46<\/td>\n<\/tr>\n<tr>\n<td>GEELIP\u00c4\u00c4LLYSTEEN POISTO MANIKYYRIN KANSSA 60 min<\/td>\n<td data-align=\"center\">42<\/td>\n<\/tr>\n<tr>\n<td>PEDIKYYRI LAKALLA 90 min<\/td>\n<td data-align=\"center\">46<\/td>\n<\/tr>\n<tr>\n<td>PEDIKYYRI ILMAN LAKKAA 70 min<\/td>\n<td data-align=\"center\">41<\/td>\n<\/tr>\n<tr>\n<td>PEDIKYYRI GEELILAKALLA 120 min<\/td>\n<td data-align=\"center\">53<\/td>\n<\/tr>\n<tr>\n<td><strong>MIEHILLE<\/strong><\/td>\n<td data-align=\"center\"><\/td>\n<\/tr>\n<tr>\n<td>MIESTEN MANIKYYRI 60 min<\/td>\n<td data-align=\"center\">32<\/td>\n<\/tr>\n<tr>\n<td>MIESTEN PEDIKYYRI 90 min<\/td>\n<td data-align=\"center\">47<\/td>\n<\/tr>\n<\/tbody>\n<\/table>\n<\/figure>\t\t\t\t\t\t\t\t<\/div>\n\t\t\t\t<\/div>\n\t\t\t\t\t<\/div>\n\t\t<\/div>\n\t\t\t\t\t<\/div>\n\t\t<\/section>\n\t\t\t\t<\/div>\n\t\t","protected":false},"excerpt":{"rendered":"<p>Naiset-hinnasto Kampaaja Vanhempi kampaaja Top\u00a0 Stylist\u00a0\u00a0 \u00a0Ekspertti Art Direktor Uusi imago \u2013 hiustenleikkuu 57 65 75 105 Hiustenleikkuu + hoito 50-58 63-70 70-76 80-83 105-110 Hiustenleikkaus 35 45 55 65 95 F\u00f6\u00f6naus 29 35 40 45 57 Kiharakampaus 35 43 45 52 63 Juhlakampaus 40 50 70 70 101 H\u00e4\u00e4kampaus 68 76 80 125 Otsatukan [&hellip;]<\/p>\n","protected":false},"author":1,"featured_media":0,"parent":0,"menu_order":0,"comment_status":"closed","ping_status":"closed","template":"","meta":{"_acf_changed":false,"om_disable_all_campaigns":false,"inline_featured_image":false,"_monsterinsights_skip_tracking":false,"_monsterinsights_sitenote_active":false,"_monsterinsights_sitenote_note":"","_monsterinsights_sitenote_category":0,"footnotes":""},"class_list":["post-14855","page","type-page","status-publish","hentry"],"acf":[],"yoast_head":"<!-- This site is optimized with the Yoast SEO plugin v27.2 - https:\/\/yoast.com\/product\/yoast-seo-wordpress\/ -->\n<title>Hinnasto - \u0441\u0430\u043b\u043e\u043d \u043a\u0440\u0430\u0441\u043e\u0442\u044b MAKE YOUR ID<\/title>\n<meta name=\"description\" content=\"\u041f\u0440\u0430\u0439\u0441-\u043b\u0438\u0441\u0442 \u043d\u0430 \u043f\u0430\u0440\u0438\u043a\u043c\u0430\u0445\u0435\u0440\u0441\u043a\u0438\u0435 \u0443\u0441\u043b\u0443\u0433\u0438, \u0443\u0441\u043b\u0443\u0433\u0438 \u043c\u0430\u0441\u0442\u0435\u0440\u043e\u0432 \u043c\u0430\u043d\u0438\u043a\u044e\u0440\u0430 \u0438 \u043f\u0435\u0434\u0438\u043a\u044e\u0440\u0430 \u0432 \u0441\u0430\u043b\u043e\u043d\u0430\u0445 \u043a\u0440\u0430\u0441\u043e\u0442\u044b MAKE YOUR ID\" \/>\n<meta name=\"robots\" content=\"index, follow, max-snippet:-1, max-image-preview:large, max-video-preview:-1\" \/>\n<meta property=\"og:locale\" content=\"fi_FI\" \/>\n<meta property=\"og:type\" content=\"article\" \/>\n<meta property=\"og:title\" content=\"Hinnasto - \u0441\u0430\u043b\u043e\u043d \u043a\u0440\u0430\u0441\u043e\u0442\u044b MAKE YOUR ID\" \/>\n<meta property=\"og:description\" content=\"\u041f\u0440\u0430\u0439\u0441-\u043b\u0438\u0441\u0442 \u043d\u0430 \u043f\u0430\u0440\u0438\u043a\u043c\u0430\u0445\u0435\u0440\u0441\u043a\u0438\u0435 \u0443\u0441\u043b\u0443\u0433\u0438, \u0443\u0441\u043b\u0443\u0433\u0438 \u043c\u0430\u0441\u0442\u0435\u0440\u043e\u0432 \u043c\u0430\u043d\u0438\u043a\u044e\u0440\u0430 \u0438 \u043f\u0435\u0434\u0438\u043a\u044e\u0440\u0430 \u0432 \u0441\u0430\u043b\u043e\u043d\u0430\u0445 \u043a\u0440\u0430\u0441\u043e\u0442\u044b MAKE YOUR ID\" \/>\n<meta property=\"og:url\" content=\"https:\/\/makeyourid.ee\/fi\/prejskurant\/\" \/>\n<meta property=\"og:site_name\" content=\"MAKE YOUR ID\" \/>\n<meta property=\"article:modified_time\" content=\"2025-12-17T15:32:18+00:00\" \/>\n<meta name=\"twitter:card\" content=\"summary_large_image\" \/>\n<meta name=\"twitter:label1\" content=\"Arvioitu lukuaika\" \/>\n\t<meta name=\"twitter:data1\" content=\"3 minuuttia\" \/>\n<script type=\"application\/ld+json\" class=\"yoast-schema-graph\">{\"@context\":\"https:\/\/schema.org\",\"@graph\":[{\"@type\":\"WebPage\",\"@id\":\"https:\/\/makeyourid.ee\/fi\/prejskurant\/\",\"url\":\"https:\/\/makeyourid.ee\/fi\/prejskurant\/\",\"name\":\"Hinnasto - \u0441\u0430\u043b\u043e\u043d \u043a\u0440\u0430\u0441\u043e\u0442\u044b MAKE YOUR ID\",\"isPartOf\":{\"@id\":\"https:\/\/makeyourid.ee\/#website\"},\"datePublished\":\"2025-12-16T14:58:54+00:00\",\"dateModified\":\"2025-12-17T15:32:18+00:00\",\"description\":\"\u041f\u0440\u0430\u0439\u0441-\u043b\u0438\u0441\u0442 \u043d\u0430 \u043f\u0430\u0440\u0438\u043a\u043c\u0430\u0445\u0435\u0440\u0441\u043a\u0438\u0435 \u0443\u0441\u043b\u0443\u0433\u0438, \u0443\u0441\u043b\u0443\u0433\u0438 \u043c\u0430\u0441\u0442\u0435\u0440\u043e\u0432 \u043c\u0430\u043d\u0438\u043a\u044e\u0440\u0430 \u0438 \u043f\u0435\u0434\u0438\u043a\u044e\u0440\u0430 \u0432 \u0441\u0430\u043b\u043e\u043d\u0430\u0445 \u043a\u0440\u0430\u0441\u043e\u0442\u044b MAKE YOUR ID\",\"breadcrumb\":{\"@id\":\"https:\/\/makeyourid.ee\/fi\/prejskurant\/#breadcrumb\"},\"inLanguage\":\"fi\",\"potentialAction\":[{\"@type\":\"ReadAction\",\"target\":[\"https:\/\/makeyourid.ee\/fi\/prejskurant\/\"]}]},{\"@type\":\"BreadcrumbList\",\"@id\":\"https:\/\/makeyourid.ee\/fi\/prejskurant\/#breadcrumb\",\"itemListElement\":[{\"@type\":\"ListItem\",\"position\":1,\"name\":\"Home\",\"item\":\"https:\/\/makeyourid.ee\/\"},{\"@type\":\"ListItem\",\"position\":2,\"name\":\"Hinnasto\"}]},{\"@type\":\"WebSite\",\"@id\":\"https:\/\/makeyourid.ee\/#website\",\"url\":\"https:\/\/makeyourid.ee\/\",\"name\":\"MAKE YOUR ID\",\"description\":\"Beauty salon, Hairdresser, Barber, Nail art\",\"potentialAction\":[{\"@type\":\"SearchAction\",\"target\":{\"@type\":\"EntryPoint\",\"urlTemplate\":\"https:\/\/makeyourid.ee\/?s={search_term_string}\"},\"query-input\":{\"@type\":\"PropertyValueSpecification\",\"valueRequired\":true,\"valueName\":\"search_term_string\"}}],\"inLanguage\":\"fi\"}]}<\/script>\n<!-- \/ Yoast SEO plugin. -->","yoast_head_json":{"title":"Hinnasto - \u0441\u0430\u043b\u043e\u043d \u043a\u0440\u0430\u0441\u043e\u0442\u044b MAKE YOUR ID","description":"\u041f\u0440\u0430\u0439\u0441-\u043b\u0438\u0441\u0442 \u043d\u0430 \u043f\u0430\u0440\u0438\u043a\u043c\u0430\u0445\u0435\u0440\u0441\u043a\u0438\u0435 \u0443\u0441\u043b\u0443\u0433\u0438, \u0443\u0441\u043b\u0443\u0433\u0438 \u043c\u0430\u0441\u0442\u0435\u0440\u043e\u0432 \u043c\u0430\u043d\u0438\u043a\u044e\u0440\u0430 \u0438 \u043f\u0435\u0434\u0438\u043a\u044e\u0440\u0430 \u0432 \u0441\u0430\u043b\u043e\u043d\u0430\u0445 \u043a\u0440\u0430\u0441\u043e\u0442\u044b MAKE YOUR ID","robots":{"index":"index","follow":"follow","max-snippet":"max-snippet:-1","max-image-preview":"max-image-preview:large","max-video-preview":"max-video-preview:-1"},"og_locale":"fi_FI","og_type":"article","og_title":"Hinnasto - \u0441\u0430\u043b\u043e\u043d \u043a\u0440\u0430\u0441\u043e\u0442\u044b MAKE YOUR ID","og_description":"\u041f\u0440\u0430\u0439\u0441-\u043b\u0438\u0441\u0442 \u043d\u0430 \u043f\u0430\u0440\u0438\u043a\u043c\u0430\u0445\u0435\u0440\u0441\u043a\u0438\u0435 \u0443\u0441\u043b\u0443\u0433\u0438, \u0443\u0441\u043b\u0443\u0433\u0438 \u043c\u0430\u0441\u0442\u0435\u0440\u043e\u0432 \u043c\u0430\u043d\u0438\u043a\u044e\u0440\u0430 \u0438 \u043f\u0435\u0434\u0438\u043a\u044e\u0440\u0430 \u0432 \u0441\u0430\u043b\u043e\u043d\u0430\u0445 \u043a\u0440\u0430\u0441\u043e\u0442\u044b MAKE YOUR ID","og_url":"https:\/\/makeyourid.ee\/fi\/prejskurant\/","og_site_name":"MAKE YOUR ID","article_modified_time":"2025-12-17T15:32:18+00:00","twitter_card":"summary_large_image","twitter_misc":{"Arvioitu lukuaika":"3 minuuttia"},"schema":{"@context":"https:\/\/schema.org","@graph":[{"@type":"WebPage","@id":"https:\/\/makeyourid.ee\/fi\/prejskurant\/","url":"https:\/\/makeyourid.ee\/fi\/prejskurant\/","name":"Hinnasto - \u0441\u0430\u043b\u043e\u043d \u043a\u0440\u0430\u0441\u043e\u0442\u044b MAKE YOUR ID","isPartOf":{"@id":"https:\/\/makeyourid.ee\/#website"},"datePublished":"2025-12-16T14:58:54+00:00","dateModified":"2025-12-17T15:32:18+00:00","description":"\u041f\u0440\u0430\u0439\u0441-\u043b\u0438\u0441\u0442 \u043d\u0430 \u043f\u0430\u0440\u0438\u043a\u043c\u0430\u0445\u0435\u0440\u0441\u043a\u0438\u0435 \u0443\u0441\u043b\u0443\u0433\u0438, \u0443\u0441\u043b\u0443\u0433\u0438 \u043c\u0430\u0441\u0442\u0435\u0440\u043e\u0432 \u043c\u0430\u043d\u0438\u043a\u044e\u0440\u0430 \u0438 \u043f\u0435\u0434\u0438\u043a\u044e\u0440\u0430 \u0432 \u0441\u0430\u043b\u043e\u043d\u0430\u0445 \u043a\u0440\u0430\u0441\u043e\u0442\u044b MAKE YOUR ID","breadcrumb":{"@id":"https:\/\/makeyourid.ee\/fi\/prejskurant\/#breadcrumb"},"inLanguage":"fi","potentialAction":[{"@type":"ReadAction","target":["https:\/\/makeyourid.ee\/fi\/prejskurant\/"]}]},{"@type":"BreadcrumbList","@id":"https:\/\/makeyourid.ee\/fi\/prejskurant\/#breadcrumb","itemListElement":[{"@type":"ListItem","position":1,"name":"Home","item":"https:\/\/makeyourid.ee\/"},{"@type":"ListItem","position":2,"name":"Hinnasto"}]},{"@type":"WebSite","@id":"https:\/\/makeyourid.ee\/#website","url":"https:\/\/makeyourid.ee\/","name":"MAKE YOUR ID","description":"Beauty salon, Hairdresser, Barber, Nail art","potentialAction":[{"@type":"SearchAction","target":{"@type":"EntryPoint","urlTemplate":"https:\/\/makeyourid.ee\/?s={search_term_string}"},"query-input":{"@type":"PropertyValueSpecification","valueRequired":true,"valueName":"search_term_string"}}],"inLanguage":"fi"}]}},"_links":{"self":[{"href":"https:\/\/makeyourid.ee\/fi\/wp-json\/wp\/v2\/pages\/14855","targetHints":{"allow":["GET"]}}],"collection":[{"href":"https:\/\/makeyourid.ee\/fi\/wp-json\/wp\/v2\/pages"}],"about":[{"href":"https:\/\/makeyourid.ee\/fi\/wp-json\/wp\/v2\/types\/page"}],"author":[{"embeddable":true,"href":"https:\/\/makeyourid.ee\/fi\/wp-json\/wp\/v2\/users\/1"}],"replies":[{"embeddable":true,"href":"https:\/\/makeyourid.ee\/fi\/wp-json\/wp\/v2\/comments?post=14855"}],"version-history":[{"count":113,"href":"https:\/\/makeyourid.ee\/fi\/wp-json\/wp\/v2\/pages\/14855\/revisions"}],"predecessor-version":[{"id":15123,"href":"https:\/\/makeyourid.ee\/fi\/wp-json\/wp\/v2\/pages\/14855\/revisions\/15123"}],"wp:attachment":[{"href":"https:\/\/makeyourid.ee\/fi\/wp-json\/wp\/v2\/media?parent=14855"}],"curies":[{"name":"wp","href":"https:\/\/api.w.org\/{rel}","templated":true}]}}